{"id":3943,"date":"2024-04-19T12:22:12","date_gmt":"2024-04-19T12:22:12","guid":{"rendered":"https:\/\/www.myvaya.nl\/datenschutz-titelseite\/"},"modified":"2024-04-19T12:24:22","modified_gmt":"2024-04-19T12:24:22","slug":"datenschutz-titelseite","status":"publish","type":"page","link":"https:\/\/www.myvaya.nl\/de\/datenschutz-titelseite\/","title":{"rendered":"Datenschutz &#8211; Titelseite"},"content":{"rendered":"<div class=\"wpb-content-wrapper\"><p>[vc_row full_width=&#8220;stretch_row&#8220; css=&#8220;.vc_custom_1709030329552{margin-bottom: 0px !important;background-color: rgba(255,255,255,0.67) !important;background-position: center !important;background-repeat: no-repeat !important;background-size: cover !important;*background-color: rgb(255,255,255) !important;}&#8220; custom_css_code=&#8220;LnZjX3NlcF93aWR0aF8yMCUyQyUwQS52Y19zZXBhcmF0b3IlMjAudmNfc2VwX2hvbGRlciU3QiUwQSUyMCUyMCUyMCUyMHdpZHRoJTNBJTIwNDRweCUzQiUwQSUyMCUyMCUyMCUyMHBhZGRpbmctbGVmdCUzQSUyMDAlM0IlMEElMjAlMjAlMjAlMjBwYWRkaW5nLXJpZ2h0JTNBJTIwMCUzQiUwQSU3RA==&#8220;][vc_column css=&#8220;.vc_custom_1553779213800{padding-top: 0px !important;}&#8220;]<div class=\"clearboth\"><\/div><style>#thegem-divider-69f2ecfad55e7 {margin-top: 118px !important;}<\/style><div id=\"thegem-divider-69f2ecfad55e7\" class=\"gem-divider  \" style=\"\" ><\/div>[vc_column_text]<\/p>\n<div class=\"page\" title=\"Seite 1\">\n<div class=\"section\">\n<div class=\"layoutArea\">\n<div class=\"column\">\n<h2>Erkl\u00e4rung zum Datenschutz<\/h2>\n<p>Wir respektieren die Privatsph\u00e4re der Website-Besucher und stellen sicher, dass die pers\u00f6nlichen Daten, die Sie uns zur Verf\u00fcgung stellen, vertraulich behandelt werden. Personenbezogene Daten werden in einer Weise verarbeitet, die den Anforderungen der Allgemeinen Datenschutzverordnung (AVG) entspricht.<\/p>\n<p>Zwecke der Datenverarbeitung<br \/>\nWir verarbeiten Ihre personenbezogenen Daten f\u00fcr den Abschluss und die Ausf\u00fchrung von Vertr\u00e4gen \u00fcber die Vermietung von Ferienunterk\u00fcnften. Wenn Sie \u00fcber die Website eine Unterkunft buchen, ein Kontakt- oder Anmeldeformular ausf\u00fcllen oder uns eine E-Mail senden, werden die von Ihnen \u00fcbermittelten Daten so lange gespeichert, wie es je nach Art des Formulars oder des Inhalts Ihrer E-Mail f\u00fcr die vollst\u00e4ndige Beantwortung und Bearbeitung erforderlich ist.<\/p>\n<p>Klickverhalten und Besucherdaten<br \/>\nAllgemeine Besuchsdaten werden auf der Website gespeichert. In diesem Zusammenhang k\u00f6nnen insbesondere die IP-Adresse Ihres Computers, ein eventueller Benutzername, der Zeitpunkt der Anfrage und die vom Browser eines Besuchers gesendeten Daten aufgezeichnet und f\u00fcr statistische Analysen des Besuchs- und Klickverhaltens auf der Website verwendet werden. Wir verwenden sie auch, um das Funktionieren der Website zu optimieren. Wir versuchen, diese Daten so weit wie m\u00f6glich zu anonymisieren. Diese Daten werden nicht an Dritte weitergegeben.<\/p>\n<p>Google Analytics<br \/>\nWir verwenden Google Analytics, um zu verfolgen, wie Benutzer die Website nutzen. Die so erhaltenen Informationen, einschlie\u00dflich der Adresse Ihres Computers (IP-Adresse), werden an Google \u00fcbertragen und von Google auf Servern in den Vereinigten Staaten gespeichert.<\/p>\n<p>Google verwendet diese Informationen, um zu verfolgen, wie unsere Website genutzt wird, um uns Berichte \u00fcber die Website zur Verf\u00fcgung zu stellen und um seinen Werbekunden Informationen \u00fcber die Effektivit\u00e4t ihrer Kampagnen zu liefern. Google wird diese Informationen gegebenenfalls an Dritte \u00fcbertragen, sofern dies gesetzlich vorgeschrieben ist oder soweit Dritte diese Daten im Auftrag von Google verarbeiten. Wir haben keine Kontrolle dar\u00fcber.<\/p>\n<p>Facebook und Instagram<br \/>\nDiese Website enth\u00e4lt Schaltfl\u00e4chen zum Bewerben oder Teilen von Seiten in den sozialen Netzwerken Facebook und Instagram. Diese Schaltfl\u00e4chen werden durch Code realisiert, der von Facebook und Instagram selbst bereitgestellt wird. Dieser Code setzt u.a. ein Cookie (siehe n\u00e4chstes Blatt).<\/p>\n<\/div>\n<\/div>\n<\/div>\n<\/div>\n<div class=\"page\" title=\"Seite 2\">\n<div class=\"layoutArea\">\n<div class=\"column\">\n<p>Bitte lesen Sie die Datenschutzerkl\u00e4rungen dieser Unternehmen (die sich regelm\u00e4\u00dfig \u00e4ndern k\u00f6nnen), um zu erfahren, was sie mit Ihren pers\u00f6nlichen Daten machen, die sie mit diesem Code verarbeiten.<\/p>\n<p>Newsletter<br \/>\nWir bieten einen Newsletter an, mit dem wir Interessenten \u00fcber Neuigkeiten im Bereich unseres Unterkunftsangebots, Aktivit\u00e4ten in der Umgebung der Unterk\u00fcnfte sowie \u00fcber Angebote und Aktionen in diesen Bereichen informieren m\u00f6chten.<\/p>\n<p>Ihre E-Mail-Adresse wird nur mit Ihrer ausdr\u00fccklichen Zustimmung in die Liste der Abonnenten aufgenommen. Jeder Newsletter enth\u00e4lt einen Link zum Abbestellen. Die Datenbank der Newsletter-Abonnenten wird nicht an Dritte weitergegeben.<\/p>\n<p>Verwendung von Cookies<br \/>\nWir verwenden Cookies, wenn wir elektronische Dienste anbieten. Ein Cookie ist eine einfache kleine Datei, die mit den Seiten dieser Website verschickt und von Ihrem Browser auf der Festplatte Ihres Computers gespeichert wird. Dies erm\u00f6glicht uns unter anderem, verschiedene Anfragen f\u00fcr Seiten der Website zu kombinieren und das Verhalten der Nutzer zu analysieren. Sie k\u00f6nnen die Verwendung dieser Cookies ablehnen, obwohl dies die Funktionalit\u00e4t und Benutzerfreundlichkeit der Website einschr\u00e4nken kann.<\/p>\n<p>Einsichtnahme, Berichtigung und WiderspruchsrechtWenn Sie mit unserem Unternehmen in Beziehung stehen, haben Sie die M\u00f6glichkeit, Ihre pers\u00f6nlichen Daten auf schriftlichen Antrag einzusehen. Wenn die von uns zur Verf\u00fcgung gestellte Zusammenfassung Ungenauigkeiten enth\u00e4lt, k\u00f6nnen Sie schriftlich verlangen, dass wir die Daten \u00e4ndern oder entfernen lassen. Dar\u00fcber hinaus k\u00f6nnen Sie uns schriftlich mitteilen, wenn Sie keine Informationen \u00fcber unsere Produkte und Dienstleistungen erhalten m\u00f6chten. \u00c4nderung der Datenschutzerkl\u00e4rung Wir behalten uns das Recht vor, diese Datenschutzerkl\u00e4rung zu \u00e4ndern. \u00c4nderungen werden auf dieser Website ver\u00f6ffentlicht.<\/p>\n<p>Parc Sondel Exploitatie BV Beuckenswijkstraat 26 8565 GN Sondel<\/p>\n<\/div>\n<\/div>\n<\/div>\n<p>[\/vc_column_text]<div class=\"clearboth\"><\/div><style>#thegem-divider-69f2ecfad562f {margin-top: 135px !important;}<\/style><div id=\"thegem-divider-69f2ecfad562f\" class=\"gem-divider  divider-hidden\" style=\"\" ><\/div>[\/vc_column][\/vc_row]<\/p>\n<\/div>","protected":false},"excerpt":{"rendered":"<p>[vc_row full_width=&#8220;stretch_row&#8220; css=&#8220;.vc_custom_1709030329552{margin-bottom: 0px !important;background-color: rgba(255,255,255,0.67) !important;background-position: center !important;background-repeat: no-repeat !important;background-size: cover !important;*background-color: rgb(255,255,255) !important;}&#8220; custom_css_code=&#8220;LnZjX3NlcF93aWR0aF8yMCUyQyUwQS52Y19zZXBhcmF0b3IlMjAudmNfc2VwX2hvbGRlciU3QiUwQSUyMCUyMCUyMCUyMHdpZHRoJTNBJTIwNDRweCUzQiUwQSUyMCUyMCUyMCUyMHBhZGRpbmctbGVmdCUzQSUyMDAlM0IlMEElMjAlMjAlMjAlMjBwYWRkaW5nLXJpZ2h0JTNBJTIwMCUzQiUwQSU3RA==&#8220;][vc_column css=&#8220;.vc_custom_1553779213800{padding-top: 0px !important;}&#8220;][vc_column_text] Erkl\u00e4rung&#8230;<\/p>\n","protected":false},"author":2,"featured_media":0,"parent":0,"menu_order":0,"comment_status":"closed","ping_status":"closed","template":"","meta":{"footnotes":""},"class_list":["post-3943","page","type-page","status-publish"],"yoast_head":"<!-- This site is optimized with the Yoast SEO plugin v24.8.1 - https:\/\/yoast.com\/wordpress\/plugins\/seo\/ -->\n<title>Datenschutz - Titelseite - myVAYA<\/title>\n<meta name=\"robots\" content=\"index, follow, max-snippet:-1, max-image-preview:large, max-video-preview:-1\" \/>\n<link rel=\"canonical\" href=\"https:\/\/www.myvaya.nl\/de\/datenschutz-titelseite\/\" \/>\n<meta property=\"og:locale\" content=\"de_DE\" \/>\n<meta property=\"og:type\" content=\"article\" \/>\n<meta property=\"og:title\" content=\"Datenschutz - Titelseite - myVAYA\" \/>\n<meta property=\"og:description\" content=\"[vc_row full_width=&#8220;stretch_row&#8220; css=&#8220;.vc_custom_1709030329552{margin-bottom: 0px !important;background-color: rgba(255,255,255,0.67) !important;background-position: center !important;background-repeat: no-repeat !important;background-size: cover !important;*background-color: rgb(255,255,255) !important;}&#8220; custom_css_code=&#8220;LnZjX3NlcF93aWR0aF8yMCUyQyUwQS52Y19zZXBhcmF0b3IlMjAudmNfc2VwX2hvbGRlciU3QiUwQSUyMCUyMCUyMCUyMHdpZHRoJTNBJTIwNDRweCUzQiUwQSUyMCUyMCUyMCUyMHBhZGRpbmctbGVmdCUzQSUyMDAlM0IlMEElMjAlMjAlMjAlMjBwYWRkaW5nLXJpZ2h0JTNBJTIwMCUzQiUwQSU3RA==&#8220;][vc_column css=&#8220;.vc_custom_1553779213800{padding-top: 0px !important;}&#8220;][vc_column_text] Erkl\u00e4rung...\" \/>\n<meta property=\"og:url\" content=\"https:\/\/www.myvaya.nl\/de\/datenschutz-titelseite\/\" \/>\n<meta property=\"og:site_name\" content=\"myVAYA\" \/>\n<meta property=\"article:modified_time\" content=\"2024-04-19T12:24:22+00:00\" \/>\n<meta name=\"twitter:card\" content=\"summary_large_image\" \/>\n<meta name=\"twitter:label1\" content=\"Gesch\u00e4tzte Lesezeit\" \/>\n\t<meta name=\"twitter:data1\" content=\"4\u00a0Minuten\" \/>\n<script type=\"application\/ld+json\" class=\"yoast-schema-graph\">{\"@context\":\"https:\/\/schema.org\",\"@graph\":[{\"@type\":\"WebPage\",\"@id\":\"https:\/\/www.myvaya.nl\/de\/datenschutz-titelseite\/\",\"url\":\"https:\/\/www.myvaya.nl\/de\/datenschutz-titelseite\/\",\"name\":\"Datenschutz - Titelseite - myVAYA\",\"isPartOf\":{\"@id\":\"https:\/\/www.myvaya.nl\/de\/#website\"},\"datePublished\":\"2024-04-19T12:22:12+00:00\",\"dateModified\":\"2024-04-19T12:24:22+00:00\",\"breadcrumb\":{\"@id\":\"https:\/\/www.myvaya.nl\/de\/datenschutz-titelseite\/#breadcrumb\"},\"inLanguage\":\"de\",\"potentialAction\":[{\"@type\":\"ReadAction\",\"target\":[\"https:\/\/www.myvaya.nl\/de\/datenschutz-titelseite\/\"]}]},{\"@type\":\"BreadcrumbList\",\"@id\":\"https:\/\/www.myvaya.nl\/de\/datenschutz-titelseite\/#breadcrumb\",\"itemListElement\":[{\"@type\":\"ListItem\",\"position\":1,\"name\":\"Home\",\"item\":\"https:\/\/www.myvaya.nl\/de\/startseite\/\"},{\"@type\":\"ListItem\",\"position\":2,\"name\":\"Datenschutz &#8211; Titelseite\"}]},{\"@type\":\"WebSite\",\"@id\":\"https:\/\/www.myvaya.nl\/de\/#website\",\"url\":\"https:\/\/www.myvaya.nl\/de\/\",\"name\":\"My Vaya - luxe vakantie villa\",\"description\":\"\",\"publisher\":{\"@id\":\"https:\/\/www.myvaya.nl\/de\/#organization\"},\"potentialAction\":[{\"@type\":\"SearchAction\",\"target\":{\"@type\":\"EntryPoint\",\"urlTemplate\":\"https:\/\/www.myvaya.nl\/de\/?s={search_term_string}\"},\"query-input\":{\"@type\":\"PropertyValueSpecification\",\"valueRequired\":true,\"valueName\":\"search_term_string\"}}],\"inLanguage\":\"de\"},{\"@type\":\"Organization\",\"@id\":\"https:\/\/www.myvaya.nl\/de\/#organization\",\"name\":\"My Vaya - luxe vakantie villa\",\"url\":\"https:\/\/www.myvaya.nl\/de\/\",\"logo\":{\"@type\":\"ImageObject\",\"inLanguage\":\"de\",\"@id\":\"https:\/\/www.myvaya.nl\/de\/#\/schema\/logo\/image\/\",\"url\":\"https:\/\/www.myvaya.nl\/wp-content\/uploads\/2024\/02\/Logo.png\",\"contentUrl\":\"https:\/\/www.myvaya.nl\/wp-content\/uploads\/2024\/02\/Logo.png\",\"width\":480,\"height\":554,\"caption\":\"My Vaya - luxe vakantie villa\"},\"image\":{\"@id\":\"https:\/\/www.myvaya.nl\/de\/#\/schema\/logo\/image\/\"}}]}<\/script>\n<!-- \/ Yoast SEO plugin. -->","yoast_head_json":{"title":"Datenschutz - Titelseite - myVAYA","robots":{"index":"index","follow":"follow","max-snippet":"max-snippet:-1","max-image-preview":"max-image-preview:large","max-video-preview":"max-video-preview:-1"},"canonical":"https:\/\/www.myvaya.nl\/de\/datenschutz-titelseite\/","og_locale":"de_DE","og_type":"article","og_title":"Datenschutz - Titelseite - myVAYA","og_description":"[vc_row full_width=&#8220;stretch_row&#8220; css=&#8220;.vc_custom_1709030329552{margin-bottom: 0px !important;background-color: rgba(255,255,255,0.67) !important;background-position: center !important;background-repeat: no-repeat !important;background-size: cover !important;*background-color: rgb(255,255,255) !important;}&#8220; custom_css_code=&#8220;LnZjX3NlcF93aWR0aF8yMCUyQyUwQS52Y19zZXBhcmF0b3IlMjAudmNfc2VwX2hvbGRlciU3QiUwQSUyMCUyMCUyMCUyMHdpZHRoJTNBJTIwNDRweCUzQiUwQSUyMCUyMCUyMCUyMHBhZGRpbmctbGVmdCUzQSUyMDAlM0IlMEElMjAlMjAlMjAlMjBwYWRkaW5nLXJpZ2h0JTNBJTIwMCUzQiUwQSU3RA==&#8220;][vc_column css=&#8220;.vc_custom_1553779213800{padding-top: 0px !important;}&#8220;][vc_column_text] Erkl\u00e4rung...","og_url":"https:\/\/www.myvaya.nl\/de\/datenschutz-titelseite\/","og_site_name":"myVAYA","article_modified_time":"2024-04-19T12:24:22+00:00","twitter_card":"summary_large_image","twitter_misc":{"Gesch\u00e4tzte Lesezeit":"4\u00a0Minuten"},"schema":{"@context":"https:\/\/schema.org","@graph":[{"@type":"WebPage","@id":"https:\/\/www.myvaya.nl\/de\/datenschutz-titelseite\/","url":"https:\/\/www.myvaya.nl\/de\/datenschutz-titelseite\/","name":"Datenschutz - Titelseite - myVAYA","isPartOf":{"@id":"https:\/\/www.myvaya.nl\/de\/#website"},"datePublished":"2024-04-19T12:22:12+00:00","dateModified":"2024-04-19T12:24:22+00:00","breadcrumb":{"@id":"https:\/\/www.myvaya.nl\/de\/datenschutz-titelseite\/#breadcrumb"},"inLanguage":"de","potentialAction":[{"@type":"ReadAction","target":["https:\/\/www.myvaya.nl\/de\/datenschutz-titelseite\/"]}]},{"@type":"BreadcrumbList","@id":"https:\/\/www.myvaya.nl\/de\/datenschutz-titelseite\/#breadcrumb","itemListElement":[{"@type":"ListItem","position":1,"name":"Home","item":"https:\/\/www.myvaya.nl\/de\/startseite\/"},{"@type":"ListItem","position":2,"name":"Datenschutz &#8211; Titelseite"}]},{"@type":"WebSite","@id":"https:\/\/www.myvaya.nl\/de\/#website","url":"https:\/\/www.myvaya.nl\/de\/","name":"My Vaya - luxe vakantie villa","description":"","publisher":{"@id":"https:\/\/www.myvaya.nl\/de\/#organization"},"potentialAction":[{"@type":"SearchAction","target":{"@type":"EntryPoint","urlTemplate":"https:\/\/www.myvaya.nl\/de\/?s={search_term_string}"},"query-input":{"@type":"PropertyValueSpecification","valueRequired":true,"valueName":"search_term_string"}}],"inLanguage":"de"},{"@type":"Organization","@id":"https:\/\/www.myvaya.nl\/de\/#organization","name":"My Vaya - luxe vakantie villa","url":"https:\/\/www.myvaya.nl\/de\/","logo":{"@type":"ImageObject","inLanguage":"de","@id":"https:\/\/www.myvaya.nl\/de\/#\/schema\/logo\/image\/","url":"https:\/\/www.myvaya.nl\/wp-content\/uploads\/2024\/02\/Logo.png","contentUrl":"https:\/\/www.myvaya.nl\/wp-content\/uploads\/2024\/02\/Logo.png","width":480,"height":554,"caption":"My Vaya - luxe vakantie villa"},"image":{"@id":"https:\/\/www.myvaya.nl\/de\/#\/schema\/logo\/image\/"}}]}},"_links":{"self":[{"href":"https:\/\/www.myvaya.nl\/de\/wp-json\/wp\/v2\/pages\/3943","targetHints":{"allow":["GET"]}}],"collection":[{"href":"https:\/\/www.myvaya.nl\/de\/wp-json\/wp\/v2\/pages"}],"about":[{"href":"https:\/\/www.myvaya.nl\/de\/wp-json\/wp\/v2\/types\/page"}],"author":[{"embeddable":true,"href":"https:\/\/www.myvaya.nl\/de\/wp-json\/wp\/v2\/users\/2"}],"replies":[{"embeddable":true,"href":"https:\/\/www.myvaya.nl\/de\/wp-json\/wp\/v2\/comments?post=3943"}],"version-history":[{"count":6,"href":"https:\/\/www.myvaya.nl\/de\/wp-json\/wp\/v2\/pages\/3943\/revisions"}],"predecessor-version":[{"id":3957,"href":"https:\/\/www.myvaya.nl\/de\/wp-json\/wp\/v2\/pages\/3943\/revisions\/3957"}],"wp:attachment":[{"href":"https:\/\/www.myvaya.nl\/de\/wp-json\/wp\/v2\/media?parent=3943"}],"curies":[{"name":"wp","href":"https:\/\/api.w.org\/{rel}","templated":true}]}}