{"id":3928,"date":"2024-04-19T12:15:56","date_gmt":"2024-04-19T12:15:56","guid":{"rendered":"https:\/\/www.myvaya.nl\/hausordnung-und-allgemeine-geschaeftsbedingungen-titelseite\/"},"modified":"2024-04-19T12:17:34","modified_gmt":"2024-04-19T12:17:34","slug":"hausordnung-und-allgemeine-geschaeftsbedingungen-titelseite","status":"publish","type":"page","link":"https:\/\/www.myvaya.nl\/de\/hausordnung-und-allgemeine-geschaeftsbedingungen-titelseite\/","title":{"rendered":"Hausordnung und Allgemeine Gesch\u00e4ftsbedingungen &#8211; Titelseite"},"content":{"rendered":"<div class=\"wpb-content-wrapper\"><p>[vc_row full_width=&#8220;stretch_row&#8220; css=&#8220;.vc_custom_1709030329552{margin-bottom: 0px !important;background-color: rgba(255,255,255,0.67) !important;background-position: center !important;background-repeat: no-repeat !important;background-size: cover !important;*background-color: rgb(255,255,255) !important;}&#8220; custom_css_code=&#8220;LnZjX3NlcF93aWR0aF8yMCUyQyUwQS52Y19zZXBhcmF0b3IlMjAudmNfc2VwX2hvbGRlciU3QiUwQSUyMCUyMCUyMCUyMHdpZHRoJTNBJTIwNDRweCUzQiUwQSUyMCUyMCUyMCUyMHBhZGRpbmctbGVmdCUzQSUyMDAlM0IlMEElMjAlMjAlMjAlMjBwYWRkaW5nLXJpZ2h0JTNBJTIwMCUzQiUwQSU3RA==&#8220;][vc_column css=&#8220;.vc_custom_1553779213800{padding-top: 0px !important;}&#8220;]<div class=\"clearboth\"><\/div><style>#thegem-divider-69f2c405b56f7 {margin-top: 118px !important;}<\/style><div id=\"thegem-divider-69f2c405b56f7\" class=\"gem-divider  \" style=\"\" ><\/div>[vc_column_text]<\/p>\n<h2 style=\"text-align: left;\">Hausordnung und Allgemeine Gesch\u00e4ftsbedingungen<\/h2>\n<p>[\/vc_column_text][vc_column_text]<\/p>\n<h3>FAMILIEN-VILLA myVAYA<\/h3>\n<p>Wir begr\u00fc\u00dfen Sie in unserer sch\u00f6nen Familienvilla !!! Um Ihnen einen angenehmen Aufenthalt zu garantieren, haben wir eine Hausordnung aufgestellt. Mit der Zustimmung oder Buchung akzeptiert die Person, die bei uns bucht, diese Hausordnung. Die Person, die die Buchung vornimmt, ist letztendlich f\u00fcr die Einhaltung dieser Bestimmungen und deren Weitergabe an den Rest der Reisegruppe verantwortlich.<\/p>\n<p>1. Wir bitten Sie, unsere Familienvilla respektvoll zu behandeln.<\/p>\n<p>2. Inventar wie Tische und St\u00fchle, die sich im Innenbereich befinden, d\u00fcrfen nicht drau\u00dfen auf der Terrasse oder im Garten verwendet werden. Daf\u00fcr sind die gro\u00dfz\u00fcgigen Au\u00dfenm\u00f6bel gedacht.<\/p>\n<p>3. Wir bitten Sie, Inventar und\/oder M\u00f6bel nicht zu bewegen. Wenn Sie dennoch M\u00f6bel und\/oder Betten umstellen m\u00f6chten, kann dies nur in Absprache mit uns geschehen.<\/p>\n<p>4. Rauchen ist drinnen nicht erlaubt. Sie k\u00f6nnen drau\u00dfen rauchen, wobei wir Sie bitten, die vollst\u00e4ndig ausgek\u00fchlten Zigaretten im Restm\u00fcll zu entsorgen.<\/p>\n<p>5. W\u00e4hrend Ihres Aufenthalts sind Sie f\u00fcr die gemietete Ferienunterkunft verantwortlich. Schlie\u00dfen Sie immer alle T\u00fcren und nehmen Sie den Schl\u00fcssel mit, wenn Sie die Unterkunft verlassen.<\/p>\n<p>6. Wenn der Pool von Ihnen nicht benutzt wird und nachts, m\u00fcssen Sie das Pooldeck schlie\u00dfen. Das Tauchen im Pool ist nicht erlaubt. Bevor Sie den Pool benutzen, sollten Sie sich in den vorhandenen Au\u00dfenduschen duschen. Kinder d\u00fcrfen den Pool nur unter elterlicher Aufsicht betreten. Die Benutzung des Pools erfolgt jederzeit auf eigene Gefahr.<\/p>\n<p>7. Zwischen 22:00 Uhr und 8:00 Uhr morgens gilt eine Nachtruhezeit. Nat\u00fcrlich k\u00f6nnen Sie auch drau\u00dfen auf der Terrasse sitzen. Aber nach 22 Uhr bitten wir Sie, R\u00fccksicht auf Ihre Umgebung zu nehmen.<\/p>\n<p>8. Wenn etwas kaputt geht oder besch\u00e4digt wird, m\u00f6chten wir so schnell wie m\u00f6glich davon erfahren, damit wir gemeinsam nach einer L\u00f6sung suchen k\u00f6nnen. Wir finden es sehr unangenehm, wenn wir nach der Abreise Sch\u00e4den entdecken, die Sie uns nicht gemeldet haben.<\/p>\n<p>9. Jegliche Besch\u00e4digung und\/oder Verschmutzung unserer Unterkunft wird von der Kaution abgezogen. Wenn der Schadensbetrag die geleistete Kaution \u00fcbersteigt, m\u00fcssen Sie diesen Schaden und\/oder zus\u00e4tzliche Kosten selbstverst\u00e4ndlich erstatten.<\/p>\n<p>10. Die Abf\u00e4lle sollten sorgf\u00e4ltig getrennt in die entsprechenden Abfallbeh\u00e4lter gegeben werden.<\/p>\n<p>11. Eventuell vorhandene Sonnenschirme sollten nachts und bei der Abreise zusammengeklappt werden.<\/p>\n<p>12. Es ist nicht gestattet, w\u00e4hrend Ihres Aufenthalts ohne R\u00fccksprache zus\u00e4tzliche G\u00e4ste\/Besucher zu empfangen, die die zuvor angegebene Personenzahl \u00fcberschreiten.<\/p>\n<p>13. Es ist nicht erlaubt, mit N\u00e4geln, Rei\u00dfzwecken, Klebeband, Klebebandkonfetti und dergleichen Sch\u00e4den zu verursachen.<\/p>\n<p>14. Sie k\u00f6nnen auf den vorgesehenen Parkpl\u00e4tzen parken.[\/vc_column_text]<div class=\"clearboth\"><\/div><style>#thegem-divider-69f2c405b573c {margin-top: 135px !important;}<\/style><div id=\"thegem-divider-69f2c405b573c\" class=\"gem-divider  divider-hidden\" style=\"\" ><\/div>[\/vc_column][\/vc_row]<\/p>\n<\/div>","protected":false},"excerpt":{"rendered":"<p>[vc_row full_width=&#8220;stretch_row&#8220; css=&#8220;.vc_custom_1709030329552{margin-bottom: 0px !important;background-color: rgba(255,255,255,0.67) !important;background-position: center !important;background-repeat: no-repeat !important;background-size: cover !important;*background-color: rgb(255,255,255) !important;}&#8220; custom_css_code=&#8220;LnZjX3NlcF93aWR0aF8yMCUyQyUwQS52Y19zZXBhcmF0b3IlMjAudmNfc2VwX2hvbGRlciU3QiUwQSUyMCUyMCUyMCUyMHdpZHRoJTNBJTIwNDRweCUzQiUwQSUyMCUyMCUyMCUyMHBhZGRpbmctbGVmdCUzQSUyMDAlM0IlMEElMjAlMjAlMjAlMjBwYWRkaW5nLXJpZ2h0JTNBJTIwMCUzQiUwQSU3RA==&#8220;][vc_column css=&#8220;.vc_custom_1553779213800{padding-top: 0px !important;}&#8220;][vc_column_text] Hausordnung&#8230;<\/p>\n","protected":false},"author":2,"featured_media":0,"parent":0,"menu_order":0,"comment_status":"closed","ping_status":"closed","template":"","meta":{"footnotes":""},"class_list":["post-3928","page","type-page","status-publish"],"yoast_head":"<!-- This site is optimized with the Yoast SEO plugin v24.8.1 - https:\/\/yoast.com\/wordpress\/plugins\/seo\/ -->\n<title>Hausordnung und Allgemeine Gesch\u00e4ftsbedingungen - Titelseite - myVAYA<\/title>\n<meta name=\"robots\" content=\"index, follow, max-snippet:-1, max-image-preview:large, max-video-preview:-1\" \/>\n<link rel=\"canonical\" href=\"https:\/\/www.myvaya.nl\/de\/hausordnung-und-allgemeine-geschaeftsbedingungen-titelseite\/\" \/>\n<meta property=\"og:locale\" content=\"de_DE\" \/>\n<meta property=\"og:type\" content=\"article\" \/>\n<meta property=\"og:title\" content=\"Hausordnung und Allgemeine Gesch\u00e4ftsbedingungen - Titelseite - myVAYA\" \/>\n<meta property=\"og:description\" content=\"[vc_row full_width=&#8220;stretch_row&#8220; css=&#8220;.vc_custom_1709030329552{margin-bottom: 0px !important;background-color: rgba(255,255,255,0.67) !important;background-position: center !important;background-repeat: no-repeat !important;background-size: cover !important;*background-color: rgb(255,255,255) !important;}&#8220; custom_css_code=&#8220;LnZjX3NlcF93aWR0aF8yMCUyQyUwQS52Y19zZXBhcmF0b3IlMjAudmNfc2VwX2hvbGRlciU3QiUwQSUyMCUyMCUyMCUyMHdpZHRoJTNBJTIwNDRweCUzQiUwQSUyMCUyMCUyMCUyMHBhZGRpbmctbGVmdCUzQSUyMDAlM0IlMEElMjAlMjAlMjAlMjBwYWRkaW5nLXJpZ2h0JTNBJTIwMCUzQiUwQSU3RA==&#8220;][vc_column css=&#8220;.vc_custom_1553779213800{padding-top: 0px !important;}&#8220;][vc_column_text] Hausordnung...\" \/>\n<meta property=\"og:url\" content=\"https:\/\/www.myvaya.nl\/de\/hausordnung-und-allgemeine-geschaeftsbedingungen-titelseite\/\" \/>\n<meta property=\"og:site_name\" content=\"myVAYA\" \/>\n<meta property=\"article:modified_time\" content=\"2024-04-19T12:17:34+00:00\" \/>\n<meta name=\"twitter:card\" content=\"summary_large_image\" \/>\n<meta name=\"twitter:label1\" content=\"Gesch\u00e4tzte Lesezeit\" \/>\n\t<meta name=\"twitter:data1\" content=\"3\u00a0Minuten\" \/>\n<script type=\"application\/ld+json\" class=\"yoast-schema-graph\">{\"@context\":\"https:\/\/schema.org\",\"@graph\":[{\"@type\":\"WebPage\",\"@id\":\"https:\/\/www.myvaya.nl\/de\/hausordnung-und-allgemeine-geschaeftsbedingungen-titelseite\/\",\"url\":\"https:\/\/www.myvaya.nl\/de\/hausordnung-und-allgemeine-geschaeftsbedingungen-titelseite\/\",\"name\":\"Hausordnung und Allgemeine Gesch\u00e4ftsbedingungen - Titelseite - myVAYA\",\"isPartOf\":{\"@id\":\"https:\/\/www.myvaya.nl\/de\/#website\"},\"datePublished\":\"2024-04-19T12:15:56+00:00\",\"dateModified\":\"2024-04-19T12:17:34+00:00\",\"breadcrumb\":{\"@id\":\"https:\/\/www.myvaya.nl\/de\/hausordnung-und-allgemeine-geschaeftsbedingungen-titelseite\/#breadcrumb\"},\"inLanguage\":\"de\",\"potentialAction\":[{\"@type\":\"ReadAction\",\"target\":[\"https:\/\/www.myvaya.nl\/de\/hausordnung-und-allgemeine-geschaeftsbedingungen-titelseite\/\"]}]},{\"@type\":\"BreadcrumbList\",\"@id\":\"https:\/\/www.myvaya.nl\/de\/hausordnung-und-allgemeine-geschaeftsbedingungen-titelseite\/#breadcrumb\",\"itemListElement\":[{\"@type\":\"ListItem\",\"position\":1,\"name\":\"Home\",\"item\":\"https:\/\/www.myvaya.nl\/de\/startseite\/\"},{\"@type\":\"ListItem\",\"position\":2,\"name\":\"Hausordnung und Allgemeine Gesch\u00e4ftsbedingungen &#8211; Titelseite\"}]},{\"@type\":\"WebSite\",\"@id\":\"https:\/\/www.myvaya.nl\/de\/#website\",\"url\":\"https:\/\/www.myvaya.nl\/de\/\",\"name\":\"My Vaya - luxe vakantie villa\",\"description\":\"\",\"publisher\":{\"@id\":\"https:\/\/www.myvaya.nl\/de\/#organization\"},\"potentialAction\":[{\"@type\":\"SearchAction\",\"target\":{\"@type\":\"EntryPoint\",\"urlTemplate\":\"https:\/\/www.myvaya.nl\/de\/?s={search_term_string}\"},\"query-input\":{\"@type\":\"PropertyValueSpecification\",\"valueRequired\":true,\"valueName\":\"search_term_string\"}}],\"inLanguage\":\"de\"},{\"@type\":\"Organization\",\"@id\":\"https:\/\/www.myvaya.nl\/de\/#organization\",\"name\":\"My Vaya - luxe vakantie villa\",\"url\":\"https:\/\/www.myvaya.nl\/de\/\",\"logo\":{\"@type\":\"ImageObject\",\"inLanguage\":\"de\",\"@id\":\"https:\/\/www.myvaya.nl\/de\/#\/schema\/logo\/image\/\",\"url\":\"https:\/\/www.myvaya.nl\/wp-content\/uploads\/2024\/02\/Logo.png\",\"contentUrl\":\"https:\/\/www.myvaya.nl\/wp-content\/uploads\/2024\/02\/Logo.png\",\"width\":480,\"height\":554,\"caption\":\"My Vaya - luxe vakantie villa\"},\"image\":{\"@id\":\"https:\/\/www.myvaya.nl\/de\/#\/schema\/logo\/image\/\"}}]}<\/script>\n<!-- \/ Yoast SEO plugin. -->","yoast_head_json":{"title":"Hausordnung und Allgemeine Gesch\u00e4ftsbedingungen - Titelseite - myVAYA","robots":{"index":"index","follow":"follow","max-snippet":"max-snippet:-1","max-image-preview":"max-image-preview:large","max-video-preview":"max-video-preview:-1"},"canonical":"https:\/\/www.myvaya.nl\/de\/hausordnung-und-allgemeine-geschaeftsbedingungen-titelseite\/","og_locale":"de_DE","og_type":"article","og_title":"Hausordnung und Allgemeine Gesch\u00e4ftsbedingungen - Titelseite - myVAYA","og_description":"[vc_row full_width=&#8220;stretch_row&#8220; css=&#8220;.vc_custom_1709030329552{margin-bottom: 0px !important;background-color: rgba(255,255,255,0.67) !important;background-position: center !important;background-repeat: no-repeat !important;background-size: cover !important;*background-color: rgb(255,255,255) !important;}&#8220; custom_css_code=&#8220;LnZjX3NlcF93aWR0aF8yMCUyQyUwQS52Y19zZXBhcmF0b3IlMjAudmNfc2VwX2hvbGRlciU3QiUwQSUyMCUyMCUyMCUyMHdpZHRoJTNBJTIwNDRweCUzQiUwQSUyMCUyMCUyMCUyMHBhZGRpbmctbGVmdCUzQSUyMDAlM0IlMEElMjAlMjAlMjAlMjBwYWRkaW5nLXJpZ2h0JTNBJTIwMCUzQiUwQSU3RA==&#8220;][vc_column css=&#8220;.vc_custom_1553779213800{padding-top: 0px !important;}&#8220;][vc_column_text] Hausordnung...","og_url":"https:\/\/www.myvaya.nl\/de\/hausordnung-und-allgemeine-geschaeftsbedingungen-titelseite\/","og_site_name":"myVAYA","article_modified_time":"2024-04-19T12:17:34+00:00","twitter_card":"summary_large_image","twitter_misc":{"Gesch\u00e4tzte Lesezeit":"3\u00a0Minuten"},"schema":{"@context":"https:\/\/schema.org","@graph":[{"@type":"WebPage","@id":"https:\/\/www.myvaya.nl\/de\/hausordnung-und-allgemeine-geschaeftsbedingungen-titelseite\/","url":"https:\/\/www.myvaya.nl\/de\/hausordnung-und-allgemeine-geschaeftsbedingungen-titelseite\/","name":"Hausordnung und Allgemeine Gesch\u00e4ftsbedingungen - Titelseite - myVAYA","isPartOf":{"@id":"https:\/\/www.myvaya.nl\/de\/#website"},"datePublished":"2024-04-19T12:15:56+00:00","dateModified":"2024-04-19T12:17:34+00:00","breadcrumb":{"@id":"https:\/\/www.myvaya.nl\/de\/hausordnung-und-allgemeine-geschaeftsbedingungen-titelseite\/#breadcrumb"},"inLanguage":"de","potentialAction":[{"@type":"ReadAction","target":["https:\/\/www.myvaya.nl\/de\/hausordnung-und-allgemeine-geschaeftsbedingungen-titelseite\/"]}]},{"@type":"BreadcrumbList","@id":"https:\/\/www.myvaya.nl\/de\/hausordnung-und-allgemeine-geschaeftsbedingungen-titelseite\/#breadcrumb","itemListElement":[{"@type":"ListItem","position":1,"name":"Home","item":"https:\/\/www.myvaya.nl\/de\/startseite\/"},{"@type":"ListItem","position":2,"name":"Hausordnung und Allgemeine Gesch\u00e4ftsbedingungen &#8211; Titelseite"}]},{"@type":"WebSite","@id":"https:\/\/www.myvaya.nl\/de\/#website","url":"https:\/\/www.myvaya.nl\/de\/","name":"My Vaya - luxe vakantie villa","description":"","publisher":{"@id":"https:\/\/www.myvaya.nl\/de\/#organization"},"potentialAction":[{"@type":"SearchAction","target":{"@type":"EntryPoint","urlTemplate":"https:\/\/www.myvaya.nl\/de\/?s={search_term_string}"},"query-input":{"@type":"PropertyValueSpecification","valueRequired":true,"valueName":"search_term_string"}}],"inLanguage":"de"},{"@type":"Organization","@id":"https:\/\/www.myvaya.nl\/de\/#organization","name":"My Vaya - luxe vakantie villa","url":"https:\/\/www.myvaya.nl\/de\/","logo":{"@type":"ImageObject","inLanguage":"de","@id":"https:\/\/www.myvaya.nl\/de\/#\/schema\/logo\/image\/","url":"https:\/\/www.myvaya.nl\/wp-content\/uploads\/2024\/02\/Logo.png","contentUrl":"https:\/\/www.myvaya.nl\/wp-content\/uploads\/2024\/02\/Logo.png","width":480,"height":554,"caption":"My Vaya - luxe vakantie villa"},"image":{"@id":"https:\/\/www.myvaya.nl\/de\/#\/schema\/logo\/image\/"}}]}},"_links":{"self":[{"href":"https:\/\/www.myvaya.nl\/de\/wp-json\/wp\/v2\/pages\/3928","targetHints":{"allow":["GET"]}}],"collection":[{"href":"https:\/\/www.myvaya.nl\/de\/wp-json\/wp\/v2\/pages"}],"about":[{"href":"https:\/\/www.myvaya.nl\/de\/wp-json\/wp\/v2\/types\/page"}],"author":[{"embeddable":true,"href":"https:\/\/www.myvaya.nl\/de\/wp-json\/wp\/v2\/users\/2"}],"replies":[{"embeddable":true,"href":"https:\/\/www.myvaya.nl\/de\/wp-json\/wp\/v2\/comments?post=3928"}],"version-history":[{"count":7,"href":"https:\/\/www.myvaya.nl\/de\/wp-json\/wp\/v2\/pages\/3928\/revisions"}],"predecessor-version":[{"id":3939,"href":"https:\/\/www.myvaya.nl\/de\/wp-json\/wp\/v2\/pages\/3928\/revisions\/3939"}],"wp:attachment":[{"href":"https:\/\/www.myvaya.nl\/de\/wp-json\/wp\/v2\/media?parent=3928"}],"curies":[{"name":"wp","href":"https:\/\/api.w.org\/{rel}","templated":true}]}}