{"id":3814,"date":"2024-04-02T14:14:32","date_gmt":"2024-04-02T14:14:32","guid":{"rendered":"https:\/\/www.myvaya.nl\/buecher-2\/"},"modified":"2025-06-26T15:16:03","modified_gmt":"2025-06-26T15:16:03","slug":"buecher-2","status":"publish","type":"page","link":"https:\/\/www.myvaya.nl\/de\/buecher-2\/","title":{"rendered":"B\u00fccher"},"content":{"rendered":"<div class=\"wpb-content-wrapper\"><p>[vc_row][vc_column]<div class=\"clearboth\"><\/div><style>#thegem-divider-69f479af62074 {margin-top: 150px !important;}<\/style><div id=\"thegem-divider-69f479af62074\" class=\"gem-divider  \" style=\"\" ><\/div>[\/vc_column][\/vc_row][vc_row][vc_column][vc_column_text]<\/p>\n<h3>Buchen Sie hier Ihren perfekten Urlaub in der MYVAYA Luxury Ferienvilla<\/h3>\n<p>[\/vc_column_text]<div class=\"clearboth\"><\/div><style>#thegem-divider-69f479af620ba {margin-top: 30px !important;}<\/style><div id=\"thegem-divider-69f479af620ba\" class=\"gem-divider  \" style=\"\" ><\/div>[vc_raw_html css=&#8220;&#8220;]PGRpdiBpZD0iVG9tbXlCb29raW5nU3VwcG9ydCIgZGF0YS13aWRnZXQ9ImJvZWtlbiIgZGF0YS1hcGlrZXk9IjM0YTFmMjM5MDkwZWEzM2ZjOWY2NDU4ZTNkNDljNDFiMWRiYTViZGZhZmU3ZmNjMGFhMzNhMzg0Y2VjOWM3OWQiIGRhdGEtYWNjb3VudD0iUGFyY1NvbmRlbCIgZGF0YS1sYW5ndWFnZT0ibmwiIGRhdGEtY291bnRyeT0ibmwiIGRhdGEtYWNjb21tb2RhdGllPSI1ODAyMSI+CjwvZGl2Pgo8c2NyaXB0IHNyYz0iaHR0cHM6Ly9hcGkudG9tbXlib29raW5nc3VwcG9ydC5jb20vd2lkZ2V0cy9qcy93aWRnZXQuanMiIHR5cGU9ImFwcGxpY2F0aW9uL2phdmFzY3JpcHQiIGxhbmd1YWdlPSJqYXZhc2NyaXB0Ij48L3NjcmlwdD4KCgo8IS0tIEdvb2dsZSB0YWcgKGd0YWcuanMpIC0tPgo8c2NyaXB0IGFzeW5jPSIiIHNyYz0iaHR0cHM6Ly93d3cuZ29vZ2xldGFnbWFuYWdlci5jb20vZ3RhZy9qcz9pZD1HLVlOWUpCUzc4MjAiPjwvc2NyaXB0Pgo8c2NyaXB0PgogIHdpbmRvdy5kYXRhTGF5ZXIgPSB3aW5kb3cuZGF0YUxheWVyIHx8IFtdOwogIGZ1bmN0aW9uIGd0YWcoKXtkYXRhTGF5ZXIucHVzaChhcmd1bWVudHMpO30KICBndGFnKCdqcycsIG5ldyBEYXRlKCkpOwoKICBndGFnKCdjb25maWcnLCAnRy1ZTllKQlM3ODIwJyk7Cjwvc2NyaXB0Pgo8L2h0bWw+[\/vc_raw_html][\/vc_column][\/vc_row]<\/p>\n<\/div>","protected":false},"excerpt":{"rendered":"<p>[vc_row][vc_column][\/vc_column][\/vc_row][vc_row][vc_column][vc_column_text] Buchen Sie hier Ihren perfekten Urlaub in der MYVAYA Luxury Ferienvilla [\/vc_column_text][vc_raw_html css=&#8220;&#8220;]PGRpdiBpZD0iVG9tbXlCb29raW5nU3VwcG9ydCIgZGF0YS13aWRnZXQ9ImJvZWtlbiIgZGF0YS1hcGlrZXk9IjM0YTFmMjM5MDkwZWEzM2ZjOWY2NDU4ZTNkNDljNDFiMWRiYTViZGZhZmU3ZmNjMGFhMzNhMzg0Y2VjOWM3OWQiIGRhdGEtYWNjb3VudD0iUGFyY1NvbmRlbCIgZGF0YS1sYW5ndWFnZT0ibmwiIGRhdGEtY291bnRyeT0ibmwiIGRhdGEtYWNjb21tb2RhdGllPSI1ODAyMSI+CjwvZGl2Pgo8c2NyaXB0IHNyYz0iaHR0cHM6Ly9hcGkudG9tbXlib29raW5nc3VwcG9ydC5jb20vd2lkZ2V0cy9qcy93aWRnZXQuanMiIHR5cGU9ImFwcGxpY2F0aW9uL2phdmFzY3JpcHQiIGxhbmd1YWdlPSJqYXZhc2NyaXB0Ij48L3NjcmlwdD4KCgo8IS0tIEdvb2dsZSB0YWcgKGd0YWcuanMpIC0tPgo8c2NyaXB0IGFzeW5jPSIiIHNyYz0iaHR0cHM6Ly93d3cuZ29vZ2xldGFnbWFuYWdlci5jb20vZ3RhZy9qcz9pZD1HLVlOWUpCUzc4MjAiPjwvc2NyaXB0Pgo8c2NyaXB0PgogIHdpbmRvdy5kYXRhTGF5ZXIgPSB3aW5kb3cuZGF0YUxheWVyIHx8IFtdOwogIGZ1bmN0aW9uIGd0YWcoKXtkYXRhTGF5ZXIucHVzaChhcmd1bWVudHMpO30KICBndGFnKCdqcycsIG5ldyBEYXRlKCkpOwoKICBndGFnKCdjb25maWcnLCAnRy1ZTllKQlM3ODIwJyk7Cjwvc2NyaXB0Pgo8L2h0bWw+[\/vc_raw_html][\/vc_column][\/vc_row]<\/p>\n","protected":false},"author":2,"featured_media":0,"parent":0,"menu_order":0,"comment_status":"closed","ping_status":"closed","template":"","meta":{"footnotes":""},"class_list":["post-3814","page","type-page","status-publish"],"yoast_head":"<!-- This site is optimized with the Yoast SEO plugin v24.8.1 - https:\/\/yoast.com\/wordpress\/plugins\/seo\/ -->\n<title>: Luxuri\u00f6se Ferienvilla buchen<\/title>\n<meta name=\"description\" content=\"Buchung einer luxuri\u00f6sen Ferienvilla mit Pool, Whirlpool und Sauna. F\u00fcr 14 Personen, genie\u00dfen Sie Friesland in Luxus.\" \/>\n<meta name=\"robots\" content=\"index, follow, max-snippet:-1, max-image-preview:large, max-video-preview:-1\" \/>\n<link rel=\"canonical\" href=\"https:\/\/www.myvaya.nl\/de\/buecher-2\/\" \/>\n<meta property=\"og:locale\" content=\"de_DE\" \/>\n<meta property=\"og:type\" content=\"article\" \/>\n<meta property=\"og:title\" content=\": Luxuri\u00f6se Ferienvilla buchen\" \/>\n<meta property=\"og:description\" content=\"Buchung einer luxuri\u00f6sen Ferienvilla mit Pool, Whirlpool und Sauna. F\u00fcr 14 Personen, genie\u00dfen Sie Friesland in Luxus.\" \/>\n<meta property=\"og:url\" content=\"https:\/\/www.myvaya.nl\/de\/buecher-2\/\" \/>\n<meta property=\"og:site_name\" content=\"myVAYA\" \/>\n<meta property=\"article:modified_time\" content=\"2025-06-26T15:16:03+00:00\" \/>\n<meta name=\"twitter:card\" content=\"summary_large_image\" \/>\n<meta name=\"twitter:label1\" content=\"Gesch\u00e4tzte Lesezeit\" \/>\n\t<meta name=\"twitter:data1\" content=\"1\u00a0Minute\" \/>\n<script type=\"application\/ld+json\" class=\"yoast-schema-graph\">{\"@context\":\"https:\/\/schema.org\",\"@graph\":[{\"@type\":\"WebPage\",\"@id\":\"https:\/\/www.myvaya.nl\/de\/buecher-2\/\",\"url\":\"https:\/\/www.myvaya.nl\/de\/buecher-2\/\",\"name\":\": Luxuri\u00f6se Ferienvilla buchen\",\"isPartOf\":{\"@id\":\"https:\/\/www.myvaya.nl\/de\/#website\"},\"datePublished\":\"2024-04-02T14:14:32+00:00\",\"dateModified\":\"2025-06-26T15:16:03+00:00\",\"description\":\"Buchung einer luxuri\u00f6sen Ferienvilla mit Pool, Whirlpool und Sauna. F\u00fcr 14 Personen, genie\u00dfen Sie Friesland in Luxus.\",\"breadcrumb\":{\"@id\":\"https:\/\/www.myvaya.nl\/de\/buecher-2\/#breadcrumb\"},\"inLanguage\":\"de\",\"potentialAction\":[{\"@type\":\"ReadAction\",\"target\":[\"https:\/\/www.myvaya.nl\/de\/buecher-2\/\"]}]},{\"@type\":\"BreadcrumbList\",\"@id\":\"https:\/\/www.myvaya.nl\/de\/buecher-2\/#breadcrumb\",\"itemListElement\":[{\"@type\":\"ListItem\",\"position\":1,\"name\":\"Home\",\"item\":\"https:\/\/www.myvaya.nl\/de\/startseite\/\"},{\"@type\":\"ListItem\",\"position\":2,\"name\":\"B\u00fccher\"}]},{\"@type\":\"WebSite\",\"@id\":\"https:\/\/www.myvaya.nl\/de\/#website\",\"url\":\"https:\/\/www.myvaya.nl\/de\/\",\"name\":\"My Vaya - luxe vakantie villa\",\"description\":\"\",\"publisher\":{\"@id\":\"https:\/\/www.myvaya.nl\/de\/#organization\"},\"potentialAction\":[{\"@type\":\"SearchAction\",\"target\":{\"@type\":\"EntryPoint\",\"urlTemplate\":\"https:\/\/www.myvaya.nl\/de\/?s={search_term_string}\"},\"query-input\":{\"@type\":\"PropertyValueSpecification\",\"valueRequired\":true,\"valueName\":\"search_term_string\"}}],\"inLanguage\":\"de\"},{\"@type\":\"Organization\",\"@id\":\"https:\/\/www.myvaya.nl\/de\/#organization\",\"name\":\"My Vaya - luxe vakantie villa\",\"url\":\"https:\/\/www.myvaya.nl\/de\/\",\"logo\":{\"@type\":\"ImageObject\",\"inLanguage\":\"de\",\"@id\":\"https:\/\/www.myvaya.nl\/de\/#\/schema\/logo\/image\/\",\"url\":\"https:\/\/www.myvaya.nl\/wp-content\/uploads\/2024\/02\/Logo.png\",\"contentUrl\":\"https:\/\/www.myvaya.nl\/wp-content\/uploads\/2024\/02\/Logo.png\",\"width\":480,\"height\":554,\"caption\":\"My Vaya - luxe vakantie villa\"},\"image\":{\"@id\":\"https:\/\/www.myvaya.nl\/de\/#\/schema\/logo\/image\/\"}}]}<\/script>\n<!-- \/ Yoast SEO plugin. -->","yoast_head_json":{"title":": Luxuri\u00f6se Ferienvilla buchen","description":"Buchung einer luxuri\u00f6sen Ferienvilla mit Pool, Whirlpool und Sauna. F\u00fcr 14 Personen, genie\u00dfen Sie Friesland in Luxus.","robots":{"index":"index","follow":"follow","max-snippet":"max-snippet:-1","max-image-preview":"max-image-preview:large","max-video-preview":"max-video-preview:-1"},"canonical":"https:\/\/www.myvaya.nl\/de\/buecher-2\/","og_locale":"de_DE","og_type":"article","og_title":": Luxuri\u00f6se Ferienvilla buchen","og_description":"Buchung einer luxuri\u00f6sen Ferienvilla mit Pool, Whirlpool und Sauna. F\u00fcr 14 Personen, genie\u00dfen Sie Friesland in Luxus.","og_url":"https:\/\/www.myvaya.nl\/de\/buecher-2\/","og_site_name":"myVAYA","article_modified_time":"2025-06-26T15:16:03+00:00","twitter_card":"summary_large_image","twitter_misc":{"Gesch\u00e4tzte Lesezeit":"1\u00a0Minute"},"schema":{"@context":"https:\/\/schema.org","@graph":[{"@type":"WebPage","@id":"https:\/\/www.myvaya.nl\/de\/buecher-2\/","url":"https:\/\/www.myvaya.nl\/de\/buecher-2\/","name":": Luxuri\u00f6se Ferienvilla buchen","isPartOf":{"@id":"https:\/\/www.myvaya.nl\/de\/#website"},"datePublished":"2024-04-02T14:14:32+00:00","dateModified":"2025-06-26T15:16:03+00:00","description":"Buchung einer luxuri\u00f6sen Ferienvilla mit Pool, Whirlpool und Sauna. F\u00fcr 14 Personen, genie\u00dfen Sie Friesland in Luxus.","breadcrumb":{"@id":"https:\/\/www.myvaya.nl\/de\/buecher-2\/#breadcrumb"},"inLanguage":"de","potentialAction":[{"@type":"ReadAction","target":["https:\/\/www.myvaya.nl\/de\/buecher-2\/"]}]},{"@type":"BreadcrumbList","@id":"https:\/\/www.myvaya.nl\/de\/buecher-2\/#breadcrumb","itemListElement":[{"@type":"ListItem","position":1,"name":"Home","item":"https:\/\/www.myvaya.nl\/de\/startseite\/"},{"@type":"ListItem","position":2,"name":"B\u00fccher"}]},{"@type":"WebSite","@id":"https:\/\/www.myvaya.nl\/de\/#website","url":"https:\/\/www.myvaya.nl\/de\/","name":"My Vaya - luxe vakantie villa","description":"","publisher":{"@id":"https:\/\/www.myvaya.nl\/de\/#organization"},"potentialAction":[{"@type":"SearchAction","target":{"@type":"EntryPoint","urlTemplate":"https:\/\/www.myvaya.nl\/de\/?s={search_term_string}"},"query-input":{"@type":"PropertyValueSpecification","valueRequired":true,"valueName":"search_term_string"}}],"inLanguage":"de"},{"@type":"Organization","@id":"https:\/\/www.myvaya.nl\/de\/#organization","name":"My Vaya - luxe vakantie villa","url":"https:\/\/www.myvaya.nl\/de\/","logo":{"@type":"ImageObject","inLanguage":"de","@id":"https:\/\/www.myvaya.nl\/de\/#\/schema\/logo\/image\/","url":"https:\/\/www.myvaya.nl\/wp-content\/uploads\/2024\/02\/Logo.png","contentUrl":"https:\/\/www.myvaya.nl\/wp-content\/uploads\/2024\/02\/Logo.png","width":480,"height":554,"caption":"My Vaya - luxe vakantie villa"},"image":{"@id":"https:\/\/www.myvaya.nl\/de\/#\/schema\/logo\/image\/"}}]}},"_links":{"self":[{"href":"https:\/\/www.myvaya.nl\/de\/wp-json\/wp\/v2\/pages\/3814","targetHints":{"allow":["GET"]}}],"collection":[{"href":"https:\/\/www.myvaya.nl\/de\/wp-json\/wp\/v2\/pages"}],"about":[{"href":"https:\/\/www.myvaya.nl\/de\/wp-json\/wp\/v2\/types\/page"}],"author":[{"embeddable":true,"href":"https:\/\/www.myvaya.nl\/de\/wp-json\/wp\/v2\/users\/2"}],"replies":[{"embeddable":true,"href":"https:\/\/www.myvaya.nl\/de\/wp-json\/wp\/v2\/comments?post=3814"}],"version-history":[{"count":20,"href":"https:\/\/www.myvaya.nl\/de\/wp-json\/wp\/v2\/pages\/3814\/revisions"}],"predecessor-version":[{"id":13703,"href":"https:\/\/www.myvaya.nl\/de\/wp-json\/wp\/v2\/pages\/3814\/revisions\/13703"}],"wp:attachment":[{"href":"https:\/\/www.myvaya.nl\/de\/wp-json\/wp\/v2\/media?parent=3814"}],"curies":[{"name":"wp","href":"https:\/\/api.w.org\/{rel}","templated":true}]}}