{"id":3394,"date":"2024-03-19T09:51:54","date_gmt":"2024-03-19T09:51:54","guid":{"rendered":"https:\/\/www.myvaya.nl\/kinderaktivitaeten\/"},"modified":"2024-03-22T12:44:01","modified_gmt":"2024-03-22T12:44:01","slug":"kinderaktivitaeten","status":"publish","type":"page","link":"https:\/\/www.myvaya.nl\/de\/kinderaktivitaeten\/","title":{"rendered":"Kinderaktivit\u00e4ten"},"content":{"rendered":"<div class=\"wpb-content-wrapper\"><p>[vc_row full_width=&#8220;stretch_row&#8220; equal_height=&#8220;yes&#8220; css=&#8220;.vc_custom_1710766732814{margin-bottom: -50px !important;background-image: url(https:\/\/www.myvaya.nl\/wp-content\/uploads\/2024\/03\/achtergrond-1.jpg?id=2843) !important;background-position: center !important;background-repeat: no-repeat !important;background-size: cover !important;}&#8220;][vc_column width=&#8220;1\/4&#8243; offset=&#8220;vc_hidden-md vc_hidden-sm vc_hidden-xs&#8220;][\/vc_column][vc_column width=&#8220;1\/2&#8243; css=&#8220;.vc_custom_1710152551869{background-color: rgba(255,255,255,0.88) !important;*background-color: rgb(255,255,255) !important;}&#8220; offset=&#8220;vc_col-md-offset-0 vc_col-sm-offset-0&#8243;][vc_row_inner][vc_column_inner offset=&#8220;vc_col-lg-12 vc_col-md-12&#8243; css=&#8220;.vc_custom_1710154025262{margin-top: 10px !important;margin-right: 10px !important;margin-bottom: 10px !important;margin-left: 10px !important;}&#8220;]<div class=\"gem-icon gem-icon-pack-fontawesome gem-icon-size-medium  gem-icon-shape-square gem-simple-icon\"  style=\"margin-top: 35px;opacity: 1;\"><div class=\"gem-icon-inner\" style=\"\"><a href=\"https:\/\/www.myvaya.nl\/activiteiten-guest\" target=\"_self\"><span class=\"gem-icon-half-1\" style=\"color: ;\"><span class=\"back-angle\">&#xf104;<\/span><\/span><span class=\"gem-icon-half-2\" style=\"\"><span class=\"back-angle\">&#xf104;<\/span><\/span><\/a><\/div><\/div>[\/vc_column_inner][\/vc_row_inner]<div class=\"clearboth\"><\/div><style>#thegem-divider-69e76c5410695 {margin-top: 20px !important;}<\/style><div id=\"thegem-divider-69e76c5410695\" class=\"gem-divider  \" style=\"\" ><\/div>[vc_row_inner css=&#8220;.vc_custom_1710158986128{margin-top: 5px !important;margin-right: 5px !important;margin-bottom: 5px !important;margin-left: 5px !important;background-color: #ffffff !important;}&#8220;][vc_column_inner]<div class=\"clearboth\"><\/div><style>#thegem-divider-69e76c54106cf {margin-top: 30px !important;}<\/style><div id=\"thegem-divider-69e76c54106cf\" class=\"gem-divider  \" style=\"\" ><\/div>[vc_column_text]<\/p>\n<h3>Aktivit\u00e4ten f\u00fcr Kinder<\/h3>\n<p>[\/vc_column_text][vc_column_text]<span style=\"color: #000000;\">F\u00fcr Familien mit Kindern bietet die Umgebung jede Menge Spa\u00df, Sonne, Sand, Wald und Wasser sorgen f\u00fcr Abwechslung. Bei sch\u00f6nem Wetter k\u00f6nnen sich Familien mit einem Segelboot oder einem SUP auf dem Wasser vergn\u00fcgen. Wenn das Wetter nicht mitspielt, k\u00f6nnen sich die Kinder auf einem Indoor-Spielplatz vergn\u00fcgen, ein Museum besuchen oder sich in einem Hallenbad vergn\u00fcgen. Im Villenpark selbst gibt es keine Spielger\u00e4te.<\/span><\/p>\n<p><span style=\"color: #000000;\">Hier finden Sie einige Vorschl\u00e4ge f\u00fcr lustige Kinderaktivit\u00e4ten in der Region:<\/span><\/p>\n<p><span style=\"color: #000000;\">&#8211; Der Villenpark verf\u00fcgt \u00fcber einen Spielplatz f\u00fcr Kinder.<\/span><br \/>\n<span style=\"color: #000000;\">&#8211; Entdecken Sie den Sybrandys Speelpark mit mehr als 40 Attraktionen in Oudemirdum.<\/span><br \/>\n<span style=\"color: #000000;\">&#8211; Wandern Sie auf dem Gaasterland-Barfu\u00dfpfad, einem 1,5 km langen Spaziergang durch die K\u00fcstenlandschaft.<\/span><br \/>\n<span style=\"color: #000000;\">&#8211; Besuchen Sie Kameleondorp in Terherne, wo Kinder in die Fu\u00dfstapfen von Sietse und Hielke treten k\u00f6nnen.<\/span><br \/>\n<span style=\"color: #000000;\">&#8211; Besuchen Sie das subtropische Badeparadies Swimfun in Joure, das f\u00fcr alle Altersgruppen geeignet ist.<\/span><br \/>\n<span style=\"color: #000000;\">&#8211; Versuchen Sie sich im Wasserskifahren und Wakeboarden in der Wasserskibaan in Sneek, wo Kinder ab 9 Jahren willkommen sind.<\/span><br \/>\n<span style=\"color: #000000;\">&#8211; Kitesurfen und Windsurfen an der Ijsselmeerk\u00fcste bei Antixsports in Mirns oder Workum.<\/span><br \/>\n<span style=\"color: #000000;\">&#8211; Besuchen Sie die Alpakawelt Friesland in Workum, wo Sie sich in Gesellschaft von Alpakas entspannen und die Welt um sich herum vergessen k\u00f6nnen.<\/span>[\/vc_column_text]<div class=\"clearboth\"><\/div><style>#thegem-divider-69e76c54106f6 {margin-top: 50px !important;}<\/style><div id=\"thegem-divider-69e76c54106f6\" class=\"gem-divider  \" style=\"\" ><\/div>[vc_single_image image=&#8220;3344&#8243; img_size=&#8220;full&#8220;][\/vc_column_inner][\/vc_row_inner]<div class=\"clearboth\"><\/div><style>#thegem-divider-69e76c5410731 {margin-top: 20px !important;}<\/style><div id=\"thegem-divider-69e76c5410731\" class=\"gem-divider  \" style=\"\" ><\/div><div class=\"clearboth\"><\/div><style>#thegem-divider-69e76c5410756 {margin-top: 120px !important;}<\/style><div id=\"thegem-divider-69e76c5410756\" class=\"gem-divider  \" style=\"\" ><\/div>[vc_column_text css=&#8220;.vc_custom_1710158409625{padding-right: 20px !important;padding-left: 20px !important;}&#8220;]<\/p>\n<h5 style=\"text-align: center;\">Das Team von MYVAYA w\u00fcnscht Ihnen einen sehr angenehmen Aufenthalt!<\/h5>\n<p>[\/vc_column_text]<div class=\"clearboth\"><\/div><style>#thegem-divider-69e76c5410778 {margin-top: 100px !important;}<\/style><div id=\"thegem-divider-69e76c5410778\" class=\"gem-divider  \" style=\"\" ><\/div><div class=\"clearboth\"><\/div><style>#thegem-divider-69e76c54107a0 {margin-top: 20px !important;}<\/style><div id=\"thegem-divider-69e76c54107a0\" class=\"gem-divider  \" style=\"\" ><\/div>[\/vc_column][vc_column width=&#8220;1\/4&#8243; offset=&#8220;vc_hidden-md vc_hidden-sm vc_hidden-xs&#8220;][\/vc_column][\/vc_row]<\/p>\n<\/div>","protected":false},"excerpt":{"rendered":"<p>[vc_row full_width=&#8220;stretch_row&#8220; equal_height=&#8220;yes&#8220; css=&#8220;.vc_custom_1710766732814{margin-bottom: -50px !important;background-image: url(https:\/\/www.myvaya.nl\/wp-content\/uploads\/2024\/03\/achtergrond-1.jpg?id=2843) !important;background-position: center !important;background-repeat: no-repeat !important;background-size: cover !important;}&#8220;][vc_column width=&#8220;1\/4&#8243; offset=&#8220;vc_hidden-md vc_hidden-sm vc_hidden-xs&#8220;][\/vc_column][vc_column width=&#8220;1\/2&#8243; css=&#8220;.vc_custom_1710152551869{background-color:&#8230;<\/p>\n","protected":false},"author":1,"featured_media":0,"parent":0,"menu_order":0,"comment_status":"closed","ping_status":"closed","template":"","meta":{"footnotes":""},"class_list":["post-3394","page","type-page","status-publish"],"yoast_head":"<!-- This site is optimized with the Yoast SEO plugin v24.8.1 - https:\/\/yoast.com\/wordpress\/plugins\/seo\/ -->\n<title>Kinderaktivit\u00e4ten - myVAYA<\/title>\n<meta name=\"robots\" content=\"index, follow, max-snippet:-1, max-image-preview:large, max-video-preview:-1\" \/>\n<link rel=\"canonical\" href=\"https:\/\/www.myvaya.nl\/de\/kinderaktivitaeten\/\" \/>\n<meta property=\"og:locale\" content=\"de_DE\" \/>\n<meta property=\"og:type\" content=\"article\" \/>\n<meta property=\"og:title\" content=\"Kinderaktivit\u00e4ten - myVAYA\" \/>\n<meta property=\"og:description\" content=\"[vc_row full_width=&#8220;stretch_row&#8220; equal_height=&#8220;yes&#8220; css=&#8220;.vc_custom_1710766732814{margin-bottom: -50px !important;background-image: url(https:\/\/www.myvaya.nl\/wp-content\/uploads\/2024\/03\/achtergrond-1.jpg?id=2843) !important;background-position: center !important;background-repeat: no-repeat !important;background-size: cover !important;}&#8220;][vc_column width=&#8220;1\/4&#8243; offset=&#8220;vc_hidden-md vc_hidden-sm vc_hidden-xs&#8220;][\/vc_column][vc_column width=&#8220;1\/2&#8243; css=&#8220;.vc_custom_1710152551869{background-color:...\" \/>\n<meta property=\"og:url\" content=\"https:\/\/www.myvaya.nl\/de\/kinderaktivitaeten\/\" \/>\n<meta property=\"og:site_name\" content=\"myVAYA\" \/>\n<meta property=\"article:modified_time\" content=\"2024-03-22T12:44:01+00:00\" \/>\n<meta name=\"twitter:card\" content=\"summary_large_image\" \/>\n<meta name=\"twitter:label1\" content=\"Gesch\u00e4tzte Lesezeit\" \/>\n\t<meta name=\"twitter:data1\" content=\"2\u00a0Minuten\" \/>\n<script type=\"application\/ld+json\" class=\"yoast-schema-graph\">{\"@context\":\"https:\/\/schema.org\",\"@graph\":[{\"@type\":\"WebPage\",\"@id\":\"https:\/\/www.myvaya.nl\/de\/kinderaktivitaeten\/\",\"url\":\"https:\/\/www.myvaya.nl\/de\/kinderaktivitaeten\/\",\"name\":\"Kinderaktivit\u00e4ten - myVAYA\",\"isPartOf\":{\"@id\":\"https:\/\/www.myvaya.nl\/de\/#website\"},\"datePublished\":\"2024-03-19T09:51:54+00:00\",\"dateModified\":\"2024-03-22T12:44:01+00:00\",\"breadcrumb\":{\"@id\":\"https:\/\/www.myvaya.nl\/de\/kinderaktivitaeten\/#breadcrumb\"},\"inLanguage\":\"de\",\"potentialAction\":[{\"@type\":\"ReadAction\",\"target\":[\"https:\/\/www.myvaya.nl\/de\/kinderaktivitaeten\/\"]}]},{\"@type\":\"BreadcrumbList\",\"@id\":\"https:\/\/www.myvaya.nl\/de\/kinderaktivitaeten\/#breadcrumb\",\"itemListElement\":[{\"@type\":\"ListItem\",\"position\":1,\"name\":\"Home\",\"item\":\"https:\/\/www.myvaya.nl\/de\/startseite\/\"},{\"@type\":\"ListItem\",\"position\":2,\"name\":\"Kinderaktivit\u00e4ten\"}]},{\"@type\":\"WebSite\",\"@id\":\"https:\/\/www.myvaya.nl\/de\/#website\",\"url\":\"https:\/\/www.myvaya.nl\/de\/\",\"name\":\"My Vaya - luxe vakantie villa\",\"description\":\"\",\"publisher\":{\"@id\":\"https:\/\/www.myvaya.nl\/de\/#organization\"},\"potentialAction\":[{\"@type\":\"SearchAction\",\"target\":{\"@type\":\"EntryPoint\",\"urlTemplate\":\"https:\/\/www.myvaya.nl\/de\/?s={search_term_string}\"},\"query-input\":{\"@type\":\"PropertyValueSpecification\",\"valueRequired\":true,\"valueName\":\"search_term_string\"}}],\"inLanguage\":\"de\"},{\"@type\":\"Organization\",\"@id\":\"https:\/\/www.myvaya.nl\/de\/#organization\",\"name\":\"My Vaya - luxe vakantie villa\",\"url\":\"https:\/\/www.myvaya.nl\/de\/\",\"logo\":{\"@type\":\"ImageObject\",\"inLanguage\":\"de\",\"@id\":\"https:\/\/www.myvaya.nl\/de\/#\/schema\/logo\/image\/\",\"url\":\"https:\/\/www.myvaya.nl\/wp-content\/uploads\/2024\/02\/Logo.png\",\"contentUrl\":\"https:\/\/www.myvaya.nl\/wp-content\/uploads\/2024\/02\/Logo.png\",\"width\":480,\"height\":554,\"caption\":\"My Vaya - luxe vakantie villa\"},\"image\":{\"@id\":\"https:\/\/www.myvaya.nl\/de\/#\/schema\/logo\/image\/\"}}]}<\/script>\n<!-- \/ Yoast SEO plugin. -->","yoast_head_json":{"title":"Kinderaktivit\u00e4ten - myVAYA","robots":{"index":"index","follow":"follow","max-snippet":"max-snippet:-1","max-image-preview":"max-image-preview:large","max-video-preview":"max-video-preview:-1"},"canonical":"https:\/\/www.myvaya.nl\/de\/kinderaktivitaeten\/","og_locale":"de_DE","og_type":"article","og_title":"Kinderaktivit\u00e4ten - myVAYA","og_description":"[vc_row full_width=&#8220;stretch_row&#8220; equal_height=&#8220;yes&#8220; css=&#8220;.vc_custom_1710766732814{margin-bottom: -50px !important;background-image: url(https:\/\/www.myvaya.nl\/wp-content\/uploads\/2024\/03\/achtergrond-1.jpg?id=2843) !important;background-position: center !important;background-repeat: no-repeat !important;background-size: cover !important;}&#8220;][vc_column width=&#8220;1\/4&#8243; offset=&#8220;vc_hidden-md vc_hidden-sm vc_hidden-xs&#8220;][\/vc_column][vc_column width=&#8220;1\/2&#8243; css=&#8220;.vc_custom_1710152551869{background-color:...","og_url":"https:\/\/www.myvaya.nl\/de\/kinderaktivitaeten\/","og_site_name":"myVAYA","article_modified_time":"2024-03-22T12:44:01+00:00","twitter_card":"summary_large_image","twitter_misc":{"Gesch\u00e4tzte Lesezeit":"2\u00a0Minuten"},"schema":{"@context":"https:\/\/schema.org","@graph":[{"@type":"WebPage","@id":"https:\/\/www.myvaya.nl\/de\/kinderaktivitaeten\/","url":"https:\/\/www.myvaya.nl\/de\/kinderaktivitaeten\/","name":"Kinderaktivit\u00e4ten - myVAYA","isPartOf":{"@id":"https:\/\/www.myvaya.nl\/de\/#website"},"datePublished":"2024-03-19T09:51:54+00:00","dateModified":"2024-03-22T12:44:01+00:00","breadcrumb":{"@id":"https:\/\/www.myvaya.nl\/de\/kinderaktivitaeten\/#breadcrumb"},"inLanguage":"de","potentialAction":[{"@type":"ReadAction","target":["https:\/\/www.myvaya.nl\/de\/kinderaktivitaeten\/"]}]},{"@type":"BreadcrumbList","@id":"https:\/\/www.myvaya.nl\/de\/kinderaktivitaeten\/#breadcrumb","itemListElement":[{"@type":"ListItem","position":1,"name":"Home","item":"https:\/\/www.myvaya.nl\/de\/startseite\/"},{"@type":"ListItem","position":2,"name":"Kinderaktivit\u00e4ten"}]},{"@type":"WebSite","@id":"https:\/\/www.myvaya.nl\/de\/#website","url":"https:\/\/www.myvaya.nl\/de\/","name":"My Vaya - luxe vakantie villa","description":"","publisher":{"@id":"https:\/\/www.myvaya.nl\/de\/#organization"},"potentialAction":[{"@type":"SearchAction","target":{"@type":"EntryPoint","urlTemplate":"https:\/\/www.myvaya.nl\/de\/?s={search_term_string}"},"query-input":{"@type":"PropertyValueSpecification","valueRequired":true,"valueName":"search_term_string"}}],"inLanguage":"de"},{"@type":"Organization","@id":"https:\/\/www.myvaya.nl\/de\/#organization","name":"My Vaya - luxe vakantie villa","url":"https:\/\/www.myvaya.nl\/de\/","logo":{"@type":"ImageObject","inLanguage":"de","@id":"https:\/\/www.myvaya.nl\/de\/#\/schema\/logo\/image\/","url":"https:\/\/www.myvaya.nl\/wp-content\/uploads\/2024\/02\/Logo.png","contentUrl":"https:\/\/www.myvaya.nl\/wp-content\/uploads\/2024\/02\/Logo.png","width":480,"height":554,"caption":"My Vaya - luxe vakantie villa"},"image":{"@id":"https:\/\/www.myvaya.nl\/de\/#\/schema\/logo\/image\/"}}]}},"_links":{"self":[{"href":"https:\/\/www.myvaya.nl\/de\/wp-json\/wp\/v2\/pages\/3394","targetHints":{"allow":["GET"]}}],"collection":[{"href":"https:\/\/www.myvaya.nl\/de\/wp-json\/wp\/v2\/pages"}],"about":[{"href":"https:\/\/www.myvaya.nl\/de\/wp-json\/wp\/v2\/types\/page"}],"author":[{"embeddable":true,"href":"https:\/\/www.myvaya.nl\/de\/wp-json\/wp\/v2\/users\/1"}],"replies":[{"embeddable":true,"href":"https:\/\/www.myvaya.nl\/de\/wp-json\/wp\/v2\/comments?post=3394"}],"version-history":[{"count":6,"href":"https:\/\/www.myvaya.nl\/de\/wp-json\/wp\/v2\/pages\/3394\/revisions"}],"predecessor-version":[{"id":3605,"href":"https:\/\/www.myvaya.nl\/de\/wp-json\/wp\/v2\/pages\/3394\/revisions\/3605"}],"wp:attachment":[{"href":"https:\/\/www.myvaya.nl\/de\/wp-json\/wp\/v2\/media?parent=3394"}],"curies":[{"name":"wp","href":"https:\/\/api.w.org\/{rel}","templated":true}]}}