{"id":3259,"date":"2024-03-19T08:56:48","date_gmt":"2024-03-19T08:56:48","guid":{"rendered":"https:\/\/www.myvaya.nl\/schaluppe-mieten\/"},"modified":"2024-03-22T14:36:04","modified_gmt":"2024-03-22T14:36:04","slug":"schaluppe-mieten","status":"publish","type":"page","link":"https:\/\/www.myvaya.nl\/de\/schaluppe-mieten\/","title":{"rendered":"Schaluppe mieten"},"content":{"rendered":"<div class=\"wpb-content-wrapper\"><p>[vc_row full_width=&#8220;stretch_row&#8220; equal_height=&#8220;yes&#8220; css=&#8220;.vc_custom_1710766732814{margin-bottom: -50px !important;background-image: url(https:\/\/www.myvaya.nl\/wp-content\/uploads\/2024\/03\/achtergrond-1.jpg?id=2843) !important;background-position: center !important;background-repeat: no-repeat !important;background-size: cover !important;}&#8220;][vc_column width=&#8220;1\/4&#8243; offset=&#8220;vc_hidden-md vc_hidden-sm vc_hidden-xs&#8220;][\/vc_column][vc_column width=&#8220;1\/2&#8243; css=&#8220;.vc_custom_1710152551869{background-color: rgba(255,255,255,0.88) !important;*background-color: rgb(255,255,255) !important;}&#8220; offset=&#8220;vc_col-md-offset-0 vc_col-sm-offset-0&#8243;][vc_row_inner][vc_column_inner offset=&#8220;vc_col-lg-12 vc_col-md-12&#8243; css=&#8220;.vc_custom_1710154025262{margin-top: 10px !important;margin-right: 10px !important;margin-bottom: 10px !important;margin-left: 10px !important;}&#8220;]<div class=\"gem-icon gem-icon-pack-fontawesome gem-icon-size-medium  gem-icon-shape-square gem-simple-icon\"  style=\"margin-top: 35px;opacity: 1;\"><div class=\"gem-icon-inner\" style=\"\"><a href=\"https:\/\/www.myvaya.nl\/verhuur-guest\/\" target=\"_self\"><span class=\"gem-icon-half-1\" style=\"color: ;\"><span class=\"back-angle\">&#xf104;<\/span><\/span><span class=\"gem-icon-half-2\" style=\"\"><span class=\"back-angle\">&#xf104;<\/span><\/span><\/a><\/div><\/div>[\/vc_column_inner][\/vc_row_inner]<div class=\"clearboth\"><\/div><style>#thegem-divider-69d20c5ce9912 {margin-top: 20px !important;}<\/style><div id=\"thegem-divider-69d20c5ce9912\" class=\"gem-divider  \" style=\"\" ><\/div>[vc_row_inner css=&#8220;.vc_custom_1710158986128{margin-top: 5px !important;margin-right: 5px !important;margin-bottom: 5px !important;margin-left: 5px !important;background-color: #ffffff !important;}&#8220;][vc_column_inner]<div class=\"clearboth\"><\/div><style>#thegem-divider-69d20c5ce9947 {margin-top: 30px !important;}<\/style><div id=\"thegem-divider-69d20c5ce9947\" class=\"gem-divider  \" style=\"\" ><\/div>[vc_column_text]<\/p>\n<h3>Schaluppe RENTAL<\/h3>\n<p>[\/vc_column_text][vc_column_text]Bei Sloep-rent k\u00f6nnen Sie eine Schaluppe mieten, um die Gew\u00e4sser von S\u00fcdwestfriesland zu erkunden. Entspannen Sie sich bei einem Tag auf dem Wasser und erkunden Sie die sch\u00f6ne Umgebung vom Deck Ihrer eigenen Schaluppe aus.<\/p>\n<p>Schaluppenvermietung von: Yachthafen Lutz Balk, Hotel Galamadammen, Yachthafen Stavoren<\/p>\n<p>* Wenn Sie in der N\u00e4he von myVAYA einsteigen m\u00f6chten, ist der Jachthafen Lutz Balk der n\u00e4chstgelegene Standort. F\u00fcr einen Besuch in Westfriesland empfehlen wir eine \u00dcbernachtung im Hotel Galamadammen oder im Yachthafen Stavoren.[\/vc_column_text]<style type=\"text\/css\">.thegem-button-69d20c5ce99e62963 .gem-button {opacity:0;animation-duration:1000ms !important;animation-delay:300ms !important}<\/style><style type=\"text\/css\">.thegem-button-69d20c5ce99e62963 .gem-button svg {fill: #ffffff;}.thegem-button-69d20c5ce99e62963 .gem-button:hover svg {fill: #ffffff;}<\/style><div class=\"gem-button-container gem-button-position-inline thegem-button-69d20c5ce99e62963     thegem-button-animate thegem-button-animation-fade-left\"  ><a title=\"De villa\" class=\"gem-button gem-button-size-small gem-button-style-flat gem-button-text-weight-normal gem-button-icon-position-right  gem-button-flex\" style=\"border-radius: 0px;background-color: #cbccc1;color: #ffffff;\" onmouseleave=\"this.style.backgroundColor='#cbccc1';this.style.color='#ffffff';\" onmouseenter=\"this.style.backgroundColor='#cbccc1';this.style.color='#ffffff';\" href=\"https:\/\/www.sloep-rent.nl\" target=\"_blank\"><span class=\"gem-button-text title-h5\">Hier buchen<\/span><i class=\"gem-print-icon gem-icon-pack-elegant \">&#x39;<\/i><\/a><\/div> <div class=\"clearboth\"><\/div><style>#thegem-divider-69d20c5ce9a34 {margin-top: 50px !important;}<\/style><div id=\"thegem-divider-69d20c5ce9a34\" class=\"gem-divider  \" style=\"\" ><\/div>[vc_single_image image=&#8220;1236&#8243; img_size=&#8220;full&#8220;][\/vc_column_inner][\/vc_row_inner]<div class=\"clearboth\"><\/div><style>#thegem-divider-69d20c5ce9a5b {margin-top: 20px !important;}<\/style><div id=\"thegem-divider-69d20c5ce9a5b\" class=\"gem-divider  \" style=\"\" ><\/div><div class=\"clearboth\"><\/div><style>#thegem-divider-69d20c5ce9a7e {margin-top: 120px !important;}<\/style><div id=\"thegem-divider-69d20c5ce9a7e\" class=\"gem-divider  \" style=\"\" ><\/div>[vc_column_text css=&#8220;.vc_custom_1710158409625{padding-right: 20px !important;padding-left: 20px !important;}&#8220;]<\/p>\n<h5 style=\"text-align: center;\">Das Team von MYVAYA w\u00fcnscht Ihnen einen sehr angenehmen Aufenthalt!<\/h5>\n<p>[\/vc_column_text]<div class=\"clearboth\"><\/div><style>#thegem-divider-69d20c5ce9a9f {margin-top: 100px !important;}<\/style><div id=\"thegem-divider-69d20c5ce9a9f\" class=\"gem-divider  \" style=\"\" ><\/div><div class=\"clearboth\"><\/div><style>#thegem-divider-69d20c5ce9abe {margin-top: 20px !important;}<\/style><div id=\"thegem-divider-69d20c5ce9abe\" class=\"gem-divider  \" style=\"\" ><\/div>[\/vc_column][vc_column width=&#8220;1\/4&#8243; offset=&#8220;vc_hidden-md vc_hidden-sm vc_hidden-xs&#8220;][\/vc_column][\/vc_row]<\/p>\n<\/div>","protected":false},"excerpt":{"rendered":"<p>[vc_row full_width=&#8220;stretch_row&#8220; equal_height=&#8220;yes&#8220; css=&#8220;.vc_custom_1710766732814{margin-bottom: -50px !important;background-image: url(https:\/\/www.myvaya.nl\/wp-content\/uploads\/2024\/03\/achtergrond-1.jpg?id=2843) !important;background-position: center !important;background-repeat: no-repeat !important;background-size: cover !important;}&#8220;][vc_column width=&#8220;1\/4&#8243; offset=&#8220;vc_hidden-md vc_hidden-sm vc_hidden-xs&#8220;][\/vc_column][vc_column width=&#8220;1\/2&#8243; css=&#8220;.vc_custom_1710152551869{background-color:&#8230;<\/p>\n","protected":false},"author":1,"featured_media":0,"parent":0,"menu_order":0,"comment_status":"closed","ping_status":"closed","template":"","meta":{"footnotes":""},"class_list":["post-3259","page","type-page","status-publish"],"yoast_head":"<!-- This site is optimized with the Yoast SEO plugin v24.8.1 - https:\/\/yoast.com\/wordpress\/plugins\/seo\/ -->\n<title>Schaluppe mieten - myVAYA<\/title>\n<meta name=\"robots\" content=\"index, follow, max-snippet:-1, max-image-preview:large, max-video-preview:-1\" \/>\n<link rel=\"canonical\" href=\"https:\/\/www.myvaya.nl\/de\/schaluppe-mieten\/\" \/>\n<meta property=\"og:locale\" content=\"de_DE\" \/>\n<meta property=\"og:type\" content=\"article\" \/>\n<meta property=\"og:title\" content=\"Schaluppe mieten - myVAYA\" \/>\n<meta property=\"og:description\" content=\"[vc_row full_width=&#8220;stretch_row&#8220; equal_height=&#8220;yes&#8220; css=&#8220;.vc_custom_1710766732814{margin-bottom: -50px !important;background-image: url(https:\/\/www.myvaya.nl\/wp-content\/uploads\/2024\/03\/achtergrond-1.jpg?id=2843) !important;background-position: center !important;background-repeat: no-repeat !important;background-size: cover !important;}&#8220;][vc_column width=&#8220;1\/4&#8243; offset=&#8220;vc_hidden-md vc_hidden-sm vc_hidden-xs&#8220;][\/vc_column][vc_column width=&#8220;1\/2&#8243; css=&#8220;.vc_custom_1710152551869{background-color:...\" \/>\n<meta property=\"og:url\" content=\"https:\/\/www.myvaya.nl\/de\/schaluppe-mieten\/\" \/>\n<meta property=\"og:site_name\" content=\"myVAYA\" \/>\n<meta property=\"article:modified_time\" content=\"2024-03-22T14:36:04+00:00\" \/>\n<meta name=\"twitter:card\" content=\"summary_large_image\" \/>\n<meta name=\"twitter:label1\" content=\"Gesch\u00e4tzte Lesezeit\" \/>\n\t<meta name=\"twitter:data1\" content=\"2\u00a0Minuten\" \/>\n<script type=\"application\/ld+json\" class=\"yoast-schema-graph\">{\"@context\":\"https:\/\/schema.org\",\"@graph\":[{\"@type\":\"WebPage\",\"@id\":\"https:\/\/www.myvaya.nl\/de\/schaluppe-mieten\/\",\"url\":\"https:\/\/www.myvaya.nl\/de\/schaluppe-mieten\/\",\"name\":\"Schaluppe mieten - myVAYA\",\"isPartOf\":{\"@id\":\"https:\/\/www.myvaya.nl\/de\/#website\"},\"datePublished\":\"2024-03-19T08:56:48+00:00\",\"dateModified\":\"2024-03-22T14:36:04+00:00\",\"breadcrumb\":{\"@id\":\"https:\/\/www.myvaya.nl\/de\/schaluppe-mieten\/#breadcrumb\"},\"inLanguage\":\"de\",\"potentialAction\":[{\"@type\":\"ReadAction\",\"target\":[\"https:\/\/www.myvaya.nl\/de\/schaluppe-mieten\/\"]}]},{\"@type\":\"BreadcrumbList\",\"@id\":\"https:\/\/www.myvaya.nl\/de\/schaluppe-mieten\/#breadcrumb\",\"itemListElement\":[{\"@type\":\"ListItem\",\"position\":1,\"name\":\"Home\",\"item\":\"https:\/\/www.myvaya.nl\/de\/startseite\/\"},{\"@type\":\"ListItem\",\"position\":2,\"name\":\"Schaluppe mieten\"}]},{\"@type\":\"WebSite\",\"@id\":\"https:\/\/www.myvaya.nl\/de\/#website\",\"url\":\"https:\/\/www.myvaya.nl\/de\/\",\"name\":\"My Vaya - luxe vakantie villa\",\"description\":\"\",\"publisher\":{\"@id\":\"https:\/\/www.myvaya.nl\/de\/#organization\"},\"potentialAction\":[{\"@type\":\"SearchAction\",\"target\":{\"@type\":\"EntryPoint\",\"urlTemplate\":\"https:\/\/www.myvaya.nl\/de\/?s={search_term_string}\"},\"query-input\":{\"@type\":\"PropertyValueSpecification\",\"valueRequired\":true,\"valueName\":\"search_term_string\"}}],\"inLanguage\":\"de\"},{\"@type\":\"Organization\",\"@id\":\"https:\/\/www.myvaya.nl\/de\/#organization\",\"name\":\"My Vaya - luxe vakantie villa\",\"url\":\"https:\/\/www.myvaya.nl\/de\/\",\"logo\":{\"@type\":\"ImageObject\",\"inLanguage\":\"de\",\"@id\":\"https:\/\/www.myvaya.nl\/de\/#\/schema\/logo\/image\/\",\"url\":\"https:\/\/www.myvaya.nl\/wp-content\/uploads\/2024\/02\/Logo.png\",\"contentUrl\":\"https:\/\/www.myvaya.nl\/wp-content\/uploads\/2024\/02\/Logo.png\",\"width\":480,\"height\":554,\"caption\":\"My Vaya - luxe vakantie villa\"},\"image\":{\"@id\":\"https:\/\/www.myvaya.nl\/de\/#\/schema\/logo\/image\/\"}}]}<\/script>\n<!-- \/ Yoast SEO plugin. -->","yoast_head_json":{"title":"Schaluppe mieten - myVAYA","robots":{"index":"index","follow":"follow","max-snippet":"max-snippet:-1","max-image-preview":"max-image-preview:large","max-video-preview":"max-video-preview:-1"},"canonical":"https:\/\/www.myvaya.nl\/de\/schaluppe-mieten\/","og_locale":"de_DE","og_type":"article","og_title":"Schaluppe mieten - myVAYA","og_description":"[vc_row full_width=&#8220;stretch_row&#8220; equal_height=&#8220;yes&#8220; css=&#8220;.vc_custom_1710766732814{margin-bottom: -50px !important;background-image: url(https:\/\/www.myvaya.nl\/wp-content\/uploads\/2024\/03\/achtergrond-1.jpg?id=2843) !important;background-position: center !important;background-repeat: no-repeat !important;background-size: cover !important;}&#8220;][vc_column width=&#8220;1\/4&#8243; offset=&#8220;vc_hidden-md vc_hidden-sm vc_hidden-xs&#8220;][\/vc_column][vc_column width=&#8220;1\/2&#8243; css=&#8220;.vc_custom_1710152551869{background-color:...","og_url":"https:\/\/www.myvaya.nl\/de\/schaluppe-mieten\/","og_site_name":"myVAYA","article_modified_time":"2024-03-22T14:36:04+00:00","twitter_card":"summary_large_image","twitter_misc":{"Gesch\u00e4tzte Lesezeit":"2\u00a0Minuten"},"schema":{"@context":"https:\/\/schema.org","@graph":[{"@type":"WebPage","@id":"https:\/\/www.myvaya.nl\/de\/schaluppe-mieten\/","url":"https:\/\/www.myvaya.nl\/de\/schaluppe-mieten\/","name":"Schaluppe mieten - myVAYA","isPartOf":{"@id":"https:\/\/www.myvaya.nl\/de\/#website"},"datePublished":"2024-03-19T08:56:48+00:00","dateModified":"2024-03-22T14:36:04+00:00","breadcrumb":{"@id":"https:\/\/www.myvaya.nl\/de\/schaluppe-mieten\/#breadcrumb"},"inLanguage":"de","potentialAction":[{"@type":"ReadAction","target":["https:\/\/www.myvaya.nl\/de\/schaluppe-mieten\/"]}]},{"@type":"BreadcrumbList","@id":"https:\/\/www.myvaya.nl\/de\/schaluppe-mieten\/#breadcrumb","itemListElement":[{"@type":"ListItem","position":1,"name":"Home","item":"https:\/\/www.myvaya.nl\/de\/startseite\/"},{"@type":"ListItem","position":2,"name":"Schaluppe mieten"}]},{"@type":"WebSite","@id":"https:\/\/www.myvaya.nl\/de\/#website","url":"https:\/\/www.myvaya.nl\/de\/","name":"My Vaya - luxe vakantie villa","description":"","publisher":{"@id":"https:\/\/www.myvaya.nl\/de\/#organization"},"potentialAction":[{"@type":"SearchAction","target":{"@type":"EntryPoint","urlTemplate":"https:\/\/www.myvaya.nl\/de\/?s={search_term_string}"},"query-input":{"@type":"PropertyValueSpecification","valueRequired":true,"valueName":"search_term_string"}}],"inLanguage":"de"},{"@type":"Organization","@id":"https:\/\/www.myvaya.nl\/de\/#organization","name":"My Vaya - luxe vakantie villa","url":"https:\/\/www.myvaya.nl\/de\/","logo":{"@type":"ImageObject","inLanguage":"de","@id":"https:\/\/www.myvaya.nl\/de\/#\/schema\/logo\/image\/","url":"https:\/\/www.myvaya.nl\/wp-content\/uploads\/2024\/02\/Logo.png","contentUrl":"https:\/\/www.myvaya.nl\/wp-content\/uploads\/2024\/02\/Logo.png","width":480,"height":554,"caption":"My Vaya - luxe vakantie villa"},"image":{"@id":"https:\/\/www.myvaya.nl\/de\/#\/schema\/logo\/image\/"}}]}},"_links":{"self":[{"href":"https:\/\/www.myvaya.nl\/de\/wp-json\/wp\/v2\/pages\/3259","targetHints":{"allow":["GET"]}}],"collection":[{"href":"https:\/\/www.myvaya.nl\/de\/wp-json\/wp\/v2\/pages"}],"about":[{"href":"https:\/\/www.myvaya.nl\/de\/wp-json\/wp\/v2\/types\/page"}],"author":[{"embeddable":true,"href":"https:\/\/www.myvaya.nl\/de\/wp-json\/wp\/v2\/users\/1"}],"replies":[{"embeddable":true,"href":"https:\/\/www.myvaya.nl\/de\/wp-json\/wp\/v2\/comments?post=3259"}],"version-history":[{"count":5,"href":"https:\/\/www.myvaya.nl\/de\/wp-json\/wp\/v2\/pages\/3259\/revisions"}],"predecessor-version":[{"id":3676,"href":"https:\/\/www.myvaya.nl\/de\/wp-json\/wp\/v2\/pages\/3259\/revisions\/3676"}],"wp:attachment":[{"href":"https:\/\/www.myvaya.nl\/de\/wp-json\/wp\/v2\/media?parent=3259"}],"curies":[{"name":"wp","href":"https:\/\/api.w.org\/{rel}","templated":true}]}}