{"id":3036,"date":"2024-03-18T13:22:33","date_gmt":"2024-03-18T13:22:33","guid":{"rendered":"https:\/\/www.myvaya.nl\/lemmer\/"},"modified":"2024-03-18T13:27:55","modified_gmt":"2024-03-18T13:27:55","slug":"lemmer","status":"publish","type":"page","link":"https:\/\/www.myvaya.nl\/de\/lemmer\/","title":{"rendered":"Lemmer"},"content":{"rendered":"<div class=\"wpb-content-wrapper\"><p>[vc_row full_width=&#8220;stretch_row&#8220; equal_height=&#8220;yes&#8220; css=&#8220;.vc_custom_1710766732814{margin-bottom: -50px !important;background-image: url(https:\/\/www.myvaya.nl\/wp-content\/uploads\/2024\/03\/achtergrond-1.jpg?id=2843) !important;background-position: center !important;background-repeat: no-repeat !important;background-size: cover !important;}&#8220;][vc_column width=&#8220;1\/4&#8243; offset=&#8220;vc_hidden-md vc_hidden-sm vc_hidden-xs&#8220;][\/vc_column][vc_column width=&#8220;1\/2&#8243; css=&#8220;.vc_custom_1710152551869{background-color: rgba(255,255,255,0.88) !important;*background-color: rgb(255,255,255) !important;}&#8220; offset=&#8220;vc_col-md-offset-0 vc_col-sm-offset-0&#8243;][vc_row_inner][vc_column_inner offset=&#8220;vc_col-lg-12 vc_col-md-12&#8243; css=&#8220;.vc_custom_1710154025262{margin-top: 10px !important;margin-right: 10px !important;margin-bottom: 10px !important;margin-left: 10px !important;}&#8220;]<div class=\"gem-icon gem-icon-pack-fontawesome gem-icon-size-medium  gem-icon-shape-square gem-simple-icon\"  style=\"margin-top: 35px;opacity: 1;\"><div class=\"gem-icon-inner\" style=\"\"><a href=\"https:\/\/www.myvaya.nl\/guest-dorpen-en-steden\/\" target=\"_self\"><span class=\"gem-icon-half-1\" style=\"color: ;\"><span class=\"back-angle\">&#xf104;<\/span><\/span><span class=\"gem-icon-half-2\" style=\"\"><span class=\"back-angle\">&#xf104;<\/span><\/span><\/a><\/div><\/div>[\/vc_column_inner][\/vc_row_inner]<div class=\"clearboth\"><\/div><style>#thegem-divider-69e38411adabc {margin-top: 20px !important;}<\/style><div id=\"thegem-divider-69e38411adabc\" class=\"gem-divider  \" style=\"\" ><\/div>[vc_row_inner css=&#8220;.vc_custom_1710158986128{margin-top: 5px !important;margin-right: 5px !important;margin-bottom: 5px !important;margin-left: 5px !important;background-color: #ffffff !important;}&#8220;][vc_column_inner]<div class=\"clearboth\"><\/div><style>#thegem-divider-69e38411adb22 {margin-top: 30px !important;}<\/style><div id=\"thegem-divider-69e38411adb22\" class=\"gem-divider  \" style=\"\" ><\/div>[vc_column_text]<\/p>\n<h3><span style=\"font-weight: 400;\">Lemmer<\/span><\/h3>\n<p>[\/vc_column_text][vc_column_text]Entdecken Sie Lemmer und seine bezaubernde Umgebung, wo sich Strand, Gem\u00fctlichkeit und UNESCO-Welterbe zu einem unvergesslichen Erlebnis verbinden. Tauchen Sie ein in die reiche Geschichte und genie\u00dfen Sie die lebhaften Terrassen im belebten Zentrum der Vlecke Lemmer, dem Ort f\u00fcr einen entspannten Tag. Tauchen Sie bei einem gef\u00fchrten Spaziergang mit einem VVV-F\u00fchrer in die Geschichten von Lemmer ein und erfahren Sie mehr \u00fcber Fischerei, Handel und Schifffahrt. Erkunden Sie die stimmungsvollen Stra\u00dfen rund um die Uferpromenade im Stadtzentrum, einschlie\u00dflich der Gegend um die &#8222;Schlacht am Hafen&#8220;. Vergessen Sie nicht, am sch\u00f6nen Strand von Lemmer ein erfrischendes Bad im IJsselmeer zu nehmen. Vor allem aber sollten Sie die UNESCO-Welterbest\u00e4tte Ir besuchen. D.F. das Woudagemaal, das gr\u00f6\u00dfte in Betrieb befindliche Dampfpumpwerk der Welt, ein absolutes Muss.[\/vc_column_text]<div class=\"clearboth\"><\/div><style>#thegem-divider-69e38411adb5e {margin-top: 50px !important;}<\/style><div id=\"thegem-divider-69e38411adb5e\" class=\"gem-divider  \" style=\"\" ><\/div>[vc_single_image image=&#8220;1230&#8243; img_size=&#8220;full&#8220;][\/vc_column_inner][\/vc_row_inner]<div class=\"clearboth\"><\/div><style>#thegem-divider-69e38411adba5 {margin-top: 20px !important;}<\/style><div id=\"thegem-divider-69e38411adba5\" class=\"gem-divider  \" style=\"\" ><\/div><div class=\"clearboth\"><\/div><style>#thegem-divider-69e38411adbec {margin-top: 120px !important;}<\/style><div id=\"thegem-divider-69e38411adbec\" class=\"gem-divider  \" style=\"\" ><\/div>[vc_column_text css=&#8220;.vc_custom_1710158409625{padding-right: 20px !important;padding-left: 20px !important;}&#8220;]<\/p>\n<h5 style=\"text-align: center;\">Das Team von MYVAYA w\u00fcnscht Ihnen einen sehr angenehmen Aufenthalt!<\/h5>\n<p>[\/vc_column_text]<div class=\"clearboth\"><\/div><style>#thegem-divider-69e38411adc29 {margin-top: 100px !important;}<\/style><div id=\"thegem-divider-69e38411adc29\" class=\"gem-divider  \" style=\"\" ><\/div><div class=\"clearboth\"><\/div><style>#thegem-divider-69e38411adcd4 {margin-top: 20px !important;}<\/style><div id=\"thegem-divider-69e38411adcd4\" class=\"gem-divider  \" style=\"\" ><\/div>[\/vc_column][vc_column width=&#8220;1\/4&#8243; offset=&#8220;vc_hidden-md vc_hidden-sm vc_hidden-xs&#8220;][\/vc_column][\/vc_row]<\/p>\n<\/div>","protected":false},"excerpt":{"rendered":"<p>[vc_row full_width=&#8220;stretch_row&#8220; equal_height=&#8220;yes&#8220; css=&#8220;.vc_custom_1710766732814{margin-bottom: -50px !important;background-image: url(https:\/\/www.myvaya.nl\/wp-content\/uploads\/2024\/03\/achtergrond-1.jpg?id=2843) !important;background-position: center !important;background-repeat: no-repeat !important;background-size: cover !important;}&#8220;][vc_column width=&#8220;1\/4&#8243; offset=&#8220;vc_hidden-md vc_hidden-sm vc_hidden-xs&#8220;][\/vc_column][vc_column width=&#8220;1\/2&#8243; css=&#8220;.vc_custom_1710152551869{background-color:&#8230;<\/p>\n","protected":false},"author":1,"featured_media":0,"parent":0,"menu_order":0,"comment_status":"closed","ping_status":"closed","template":"","meta":{"footnotes":""},"class_list":["post-3036","page","type-page","status-publish"],"yoast_head":"<!-- This site is optimized with the Yoast SEO plugin v24.8.1 - https:\/\/yoast.com\/wordpress\/plugins\/seo\/ -->\n<title>Lemmer - myVAYA<\/title>\n<meta name=\"robots\" content=\"index, follow, max-snippet:-1, max-image-preview:large, max-video-preview:-1\" \/>\n<link rel=\"canonical\" href=\"https:\/\/www.myvaya.nl\/de\/lemmer\/\" \/>\n<meta property=\"og:locale\" content=\"de_DE\" \/>\n<meta property=\"og:type\" content=\"article\" \/>\n<meta property=\"og:title\" content=\"Lemmer - myVAYA\" \/>\n<meta property=\"og:description\" content=\"[vc_row full_width=&#8220;stretch_row&#8220; equal_height=&#8220;yes&#8220; css=&#8220;.vc_custom_1710766732814{margin-bottom: -50px !important;background-image: url(https:\/\/www.myvaya.nl\/wp-content\/uploads\/2024\/03\/achtergrond-1.jpg?id=2843) !important;background-position: center !important;background-repeat: no-repeat !important;background-size: cover !important;}&#8220;][vc_column width=&#8220;1\/4&#8243; offset=&#8220;vc_hidden-md vc_hidden-sm vc_hidden-xs&#8220;][\/vc_column][vc_column width=&#8220;1\/2&#8243; css=&#8220;.vc_custom_1710152551869{background-color:...\" \/>\n<meta property=\"og:url\" content=\"https:\/\/www.myvaya.nl\/de\/lemmer\/\" \/>\n<meta property=\"og:site_name\" content=\"myVAYA\" \/>\n<meta property=\"article:modified_time\" content=\"2024-03-18T13:27:55+00:00\" \/>\n<meta name=\"twitter:card\" content=\"summary_large_image\" \/>\n<meta name=\"twitter:label1\" content=\"Gesch\u00e4tzte Lesezeit\" \/>\n\t<meta name=\"twitter:data1\" content=\"2\u00a0Minuten\" \/>\n<script type=\"application\/ld+json\" class=\"yoast-schema-graph\">{\"@context\":\"https:\/\/schema.org\",\"@graph\":[{\"@type\":\"WebPage\",\"@id\":\"https:\/\/www.myvaya.nl\/de\/lemmer\/\",\"url\":\"https:\/\/www.myvaya.nl\/de\/lemmer\/\",\"name\":\"Lemmer - myVAYA\",\"isPartOf\":{\"@id\":\"https:\/\/www.myvaya.nl\/de\/#website\"},\"datePublished\":\"2024-03-18T13:22:33+00:00\",\"dateModified\":\"2024-03-18T13:27:55+00:00\",\"breadcrumb\":{\"@id\":\"https:\/\/www.myvaya.nl\/de\/lemmer\/#breadcrumb\"},\"inLanguage\":\"de\",\"potentialAction\":[{\"@type\":\"ReadAction\",\"target\":[\"https:\/\/www.myvaya.nl\/de\/lemmer\/\"]}]},{\"@type\":\"BreadcrumbList\",\"@id\":\"https:\/\/www.myvaya.nl\/de\/lemmer\/#breadcrumb\",\"itemListElement\":[{\"@type\":\"ListItem\",\"position\":1,\"name\":\"Home\",\"item\":\"https:\/\/www.myvaya.nl\/de\/startseite\/\"},{\"@type\":\"ListItem\",\"position\":2,\"name\":\"Lemmer\"}]},{\"@type\":\"WebSite\",\"@id\":\"https:\/\/www.myvaya.nl\/de\/#website\",\"url\":\"https:\/\/www.myvaya.nl\/de\/\",\"name\":\"My Vaya - luxe vakantie villa\",\"description\":\"\",\"publisher\":{\"@id\":\"https:\/\/www.myvaya.nl\/de\/#organization\"},\"potentialAction\":[{\"@type\":\"SearchAction\",\"target\":{\"@type\":\"EntryPoint\",\"urlTemplate\":\"https:\/\/www.myvaya.nl\/de\/?s={search_term_string}\"},\"query-input\":{\"@type\":\"PropertyValueSpecification\",\"valueRequired\":true,\"valueName\":\"search_term_string\"}}],\"inLanguage\":\"de\"},{\"@type\":\"Organization\",\"@id\":\"https:\/\/www.myvaya.nl\/de\/#organization\",\"name\":\"My Vaya - luxe vakantie villa\",\"url\":\"https:\/\/www.myvaya.nl\/de\/\",\"logo\":{\"@type\":\"ImageObject\",\"inLanguage\":\"de\",\"@id\":\"https:\/\/www.myvaya.nl\/de\/#\/schema\/logo\/image\/\",\"url\":\"https:\/\/www.myvaya.nl\/wp-content\/uploads\/2024\/02\/Logo.png\",\"contentUrl\":\"https:\/\/www.myvaya.nl\/wp-content\/uploads\/2024\/02\/Logo.png\",\"width\":480,\"height\":554,\"caption\":\"My Vaya - luxe vakantie villa\"},\"image\":{\"@id\":\"https:\/\/www.myvaya.nl\/de\/#\/schema\/logo\/image\/\"}}]}<\/script>\n<!-- \/ Yoast SEO plugin. -->","yoast_head_json":{"title":"Lemmer - myVAYA","robots":{"index":"index","follow":"follow","max-snippet":"max-snippet:-1","max-image-preview":"max-image-preview:large","max-video-preview":"max-video-preview:-1"},"canonical":"https:\/\/www.myvaya.nl\/de\/lemmer\/","og_locale":"de_DE","og_type":"article","og_title":"Lemmer - myVAYA","og_description":"[vc_row full_width=&#8220;stretch_row&#8220; equal_height=&#8220;yes&#8220; css=&#8220;.vc_custom_1710766732814{margin-bottom: -50px !important;background-image: url(https:\/\/www.myvaya.nl\/wp-content\/uploads\/2024\/03\/achtergrond-1.jpg?id=2843) !important;background-position: center !important;background-repeat: no-repeat !important;background-size: cover !important;}&#8220;][vc_column width=&#8220;1\/4&#8243; offset=&#8220;vc_hidden-md vc_hidden-sm vc_hidden-xs&#8220;][\/vc_column][vc_column width=&#8220;1\/2&#8243; css=&#8220;.vc_custom_1710152551869{background-color:...","og_url":"https:\/\/www.myvaya.nl\/de\/lemmer\/","og_site_name":"myVAYA","article_modified_time":"2024-03-18T13:27:55+00:00","twitter_card":"summary_large_image","twitter_misc":{"Gesch\u00e4tzte Lesezeit":"2\u00a0Minuten"},"schema":{"@context":"https:\/\/schema.org","@graph":[{"@type":"WebPage","@id":"https:\/\/www.myvaya.nl\/de\/lemmer\/","url":"https:\/\/www.myvaya.nl\/de\/lemmer\/","name":"Lemmer - myVAYA","isPartOf":{"@id":"https:\/\/www.myvaya.nl\/de\/#website"},"datePublished":"2024-03-18T13:22:33+00:00","dateModified":"2024-03-18T13:27:55+00:00","breadcrumb":{"@id":"https:\/\/www.myvaya.nl\/de\/lemmer\/#breadcrumb"},"inLanguage":"de","potentialAction":[{"@type":"ReadAction","target":["https:\/\/www.myvaya.nl\/de\/lemmer\/"]}]},{"@type":"BreadcrumbList","@id":"https:\/\/www.myvaya.nl\/de\/lemmer\/#breadcrumb","itemListElement":[{"@type":"ListItem","position":1,"name":"Home","item":"https:\/\/www.myvaya.nl\/de\/startseite\/"},{"@type":"ListItem","position":2,"name":"Lemmer"}]},{"@type":"WebSite","@id":"https:\/\/www.myvaya.nl\/de\/#website","url":"https:\/\/www.myvaya.nl\/de\/","name":"My Vaya - luxe vakantie villa","description":"","publisher":{"@id":"https:\/\/www.myvaya.nl\/de\/#organization"},"potentialAction":[{"@type":"SearchAction","target":{"@type":"EntryPoint","urlTemplate":"https:\/\/www.myvaya.nl\/de\/?s={search_term_string}"},"query-input":{"@type":"PropertyValueSpecification","valueRequired":true,"valueName":"search_term_string"}}],"inLanguage":"de"},{"@type":"Organization","@id":"https:\/\/www.myvaya.nl\/de\/#organization","name":"My Vaya - luxe vakantie villa","url":"https:\/\/www.myvaya.nl\/de\/","logo":{"@type":"ImageObject","inLanguage":"de","@id":"https:\/\/www.myvaya.nl\/de\/#\/schema\/logo\/image\/","url":"https:\/\/www.myvaya.nl\/wp-content\/uploads\/2024\/02\/Logo.png","contentUrl":"https:\/\/www.myvaya.nl\/wp-content\/uploads\/2024\/02\/Logo.png","width":480,"height":554,"caption":"My Vaya - luxe vakantie villa"},"image":{"@id":"https:\/\/www.myvaya.nl\/de\/#\/schema\/logo\/image\/"}}]}},"_links":{"self":[{"href":"https:\/\/www.myvaya.nl\/de\/wp-json\/wp\/v2\/pages\/3036","targetHints":{"allow":["GET"]}}],"collection":[{"href":"https:\/\/www.myvaya.nl\/de\/wp-json\/wp\/v2\/pages"}],"about":[{"href":"https:\/\/www.myvaya.nl\/de\/wp-json\/wp\/v2\/types\/page"}],"author":[{"embeddable":true,"href":"https:\/\/www.myvaya.nl\/de\/wp-json\/wp\/v2\/users\/1"}],"replies":[{"embeddable":true,"href":"https:\/\/www.myvaya.nl\/de\/wp-json\/wp\/v2\/comments?post=3036"}],"version-history":[{"count":4,"href":"https:\/\/www.myvaya.nl\/de\/wp-json\/wp\/v2\/pages\/3036\/revisions"}],"predecessor-version":[{"id":3061,"href":"https:\/\/www.myvaya.nl\/de\/wp-json\/wp\/v2\/pages\/3036\/revisions\/3061"}],"wp:attachment":[{"href":"https:\/\/www.myvaya.nl\/de\/wp-json\/wp\/v2\/media?parent=3036"}],"curies":[{"name":"wp","href":"https:\/\/api.w.org\/{rel}","templated":true}]}}