{"id":2776,"date":"2024-03-15T15:02:06","date_gmt":"2024-03-15T15:02:06","guid":{"rendered":"https:\/\/www.myvaya.nl\/ankunftsinformationen\/"},"modified":"2024-03-18T12:16:16","modified_gmt":"2024-03-18T12:16:16","slug":"ankunftsinformationen","status":"publish","type":"page","link":"https:\/\/www.myvaya.nl\/de\/ankunftsinformationen\/","title":{"rendered":"Ankunftsinformationen"},"content":{"rendered":"<div class=\"wpb-content-wrapper\"><p>[vc_row full_width=&#8220;stretch_row&#8220; equal_height=&#8220;yes&#8220; css=&#8220;.vc_custom_1710517718255{margin-bottom: -50px !important;background-image: url(https:\/\/www.myvaya.nl\/wp-content\/uploads\/2024\/03\/achtergrond.jpg?id=2824) !important;background-position: center !important;background-repeat: no-repeat !important;background-size: cover !important;}&#8220;][vc_column width=&#8220;1\/4&#8243; offset=&#8220;vc_hidden-md vc_hidden-sm vc_hidden-xs&#8220;][\/vc_column][vc_column width=&#8220;1\/2&#8243; css=&#8220;.vc_custom_1710152551869{background-color: rgba(255,255,255,0.88) !important;*background-color: rgb(255,255,255) !important;}&#8220; offset=&#8220;vc_col-md-offset-0 vc_col-sm-offset-0&#8243;][vc_row_inner][vc_column_inner offset=&#8220;vc_col-lg-12 vc_col-md-12&#8243; css=&#8220;.vc_custom_1710154025262{margin-top: 10px !important;margin-right: 10px !important;margin-bottom: 10px !important;margin-left: 10px !important;}&#8220;]<div class=\"gem-icon gem-icon-pack-fontawesome gem-icon-size-medium  gem-icon-shape-square gem-simple-icon\"  style=\"margin-top: 35px;opacity: 1;\"><div class=\"gem-icon-inner\" style=\"\"><a href=\"https:\/\/www.myvaya.nl\/informatie-tijdens-verblijf\/\" target=\"_self\"><span class=\"gem-icon-half-1\" style=\"color: ;\"><span class=\"back-angle\">&#xf104;<\/span><\/span><span class=\"gem-icon-half-2\" style=\"\"><span class=\"back-angle\">&#xf104;<\/span><\/span><\/a><\/div><\/div>[\/vc_column_inner][\/vc_row_inner]<div class=\"clearboth\"><\/div><style>#thegem-divider-69f350e86e682 {margin-top: 20px !important;}<\/style><div id=\"thegem-divider-69f350e86e682\" class=\"gem-divider  \" style=\"\" ><\/div>[vc_row_inner css=&#8220;.vc_custom_1710158986128{margin-top: 5px !important;margin-right: 5px !important;margin-bottom: 5px !important;margin-left: 5px !important;background-color: #ffffff !important;}&#8220;][vc_column_inner]<div class=\"clearboth\"><\/div><style>#thegem-divider-69f350e86e6bc {margin-top: 30px !important;}<\/style><div id=\"thegem-divider-69f350e86e6bc\" class=\"gem-divider  \" style=\"\" ><\/div>[vc_column_text]<\/p>\n<h3><span style=\"font-weight: 400;\">Es ist fast da!!!<\/span><\/h3>\n<p>[\/vc_column_text][vc_column_text]Nur noch ein wenig Geduld, dann k\u00f6nnen Sie unsere myVAYA-Villa genie\u00dfen!!!<\/p>\n<p>Wir freuen uns auf Ihren Besuch!<\/p>\n<p>Im Folgenden finden Sie einige praktische Informationen zur Anreise und zum Aufenthalt.<\/p>\n<p>Unsere Einrichtungen wie das Schwimmbad, der Whirlpool, die Sauna, die Dampf\u00f6fen, der Kamin usw. bed\u00fcrfen der Erkl\u00e4rung und der Aufmerksamkeit. Um es Ihnen leicht zu machen, haben wir f\u00fcr jede Komponente oder Einrichtung, wo n\u00f6tig, Anleitungsvideos erstellt. Dieses Video ist auf unserer Website Guestmyvaya.co.uk zu sehen.<\/p>\n<p><b>Allgemeine Daten:<\/b><\/p>\n<p>Adressangaben : Beuckenswijkstraat 26, 8565 GN Sondel<\/p>\n<p>\u00d6ffnungszeiten der Rezeption: Check-in 15.00h &#8211; 17.00h<\/p>\n<p>Auschecken 09.00h &#8211; 10.00h<\/p>\n<p>Check-out Sonntag 15.00h &#8211; 17.00h<span class=\"Apple-converted-space\"> <\/span><\/p>\n<p>Sie k\u00f6nnen nicht w\u00e4hrend der \u00d6ffnungszeiten der Rezeption anreisen? Bitte kontaktieren Sie uns per Telefon.<\/p>\n<p>Telefonnummer der Rezeption: 0514-602300<\/p>\n<p>&nbsp;<\/p>\n<p><b>Bettw\u00e4sche\/Badew\u00e4sche\/Wellnesspaket<\/b><\/p>\n<p>Die Betten sind standardm\u00e4\u00dfig mit Hotelw\u00e4sche bezogen. Das Handtuchpaket besteht aus einem gro\u00dfen Handtuch (70 x 140) und einem kleinen Handtuch (90 x 180) pro Person. Ein Wellness-Paket besteht aus einem Saunatuch, einem Bademantel und Badeschuhen. Ein K\u00fcchentuchpaket besteht aus 2 Geschirrt\u00fcchern und einem K\u00fcchentuch. Sollten Sie zus\u00e4tzliche Pakete bestellen wollen, k\u00f6nnen Sie dies beim Check-in tun.<span class=\"Apple-converted-space\"> <\/span><\/p>\n<p><b>Kaution:<\/b><\/p>\n<p>Wir bem\u00fchen uns, die Kaution innerhalb von 3 Arbeitstagen nach dem Check-out und der Endkontrolle auf Ihr Konto zu \u00fcberweisen. Bitte mailen Sie ( <a href=\"mailto:info@parcsondel.nl\">info@parcsondel.nl)<\/a> die Kontonummer mit der entsprechenden<span class=\"Apple-converted-space\">  <\/span>Wir k\u00f6nnen Ihnen die Kaution abz\u00fcglich aller Kosten zur\u00fcckerstatten.<\/p>\n<p><b>Brennholz:<\/b><span class=\"Apple-converted-space\">  <\/span><\/p>\n<p>Im Wohnzimmer befinden sich zwei Regale mit Brennholz. Sie k\u00f6nnen dieses Brennholz f\u00fcr den Kamin und den Whirlpool verwenden. Nachdem Sie ausgecheckt haben, werden wir diesen Vorrat mit S\u00e4cken Brennholz auff\u00fcllen. Wir berechnen die Anzahl der S\u00e4cke, die wir wieder auff\u00fcllen mussten.  <span class=\"Apple-converted-space\">  <\/span><\/p>\n<p>(Dieser Betrag wird von der r\u00fcckzahlbaren Kaution abgezogen)<\/p>\n<p><b>Temperatur Wohnzimmer\/Flur<\/b><\/p>\n<p>Die Familienvilla ist (teilweise) mit einer W\u00e4rmepumpe ausgestattet. Diese W\u00e4rmepumpe wird von der Au\u00dfentemperatur gesteuert. Daher gibt es keinen Thermostat im Wohnzimmer\/Flur.<\/p>\n<p><b>K\u00fcche<\/b><\/p>\n<p>Die K\u00fcche unserer Familienvilla ist komplett ausgestattet! Die K\u00fcche hat zum Beispiel :<br \/>\n2 Induktionskochfelder (8 Ringe)<br \/>\n2 Dampfback\u00f6fen<span class=\"Apple-converted-space\"><br \/>\n<\/span>2 Geschirrsp\u00fclmaschinen<br \/>\n2 K\u00fchlschr\u00e4nke<br \/>\nGefrierschrank mit Eisw\u00fcrfelfunktion<span class=\"Apple-converted-space\"><br \/>\n<\/span>Griddle<br \/>\nPanini-Grill + Sandwichmaker<span class=\"Apple-converted-space\"><br \/>\n<\/span>Airfryer XL<span class=\"Apple-converted-space\"><br \/>\n<\/span>(siehe Anleitung Clip K\u00fcche)<\/p>\n<p><b>Kaffee\/Tee<\/b><\/p>\n<p>Unsere Familienvilla verf\u00fcgt \u00fcber:<br \/>\nBravilor Filterkaffeemaschine (Filter sind vorhanden)<br \/>\nNespresso-Maschine<span class=\"Apple-converted-space\">  <\/span>(2 St\u00fcck) f\u00fcr<span class=\"Apple-converted-space\">  <\/span>Nespresso-Tassen .<span class=\"Apple-converted-space\"><br \/>\n<\/span>(Filterkaffee und\/oder Nespresso-Tassen nicht enthalten)<br \/>\nQuooker<span class=\"Apple-converted-space\"> <\/span><\/p>\n<p><b>Kinder \/ S\u00e4uglinge<span class=\"Apple-converted-space\"> <\/span><\/b><\/p>\n<p>In der Familienvilla sind vorhanden:<br \/>\nHochstuhl<span class=\"Apple-converted-space\"><br \/>\n<\/span>Kinderbett<span class=\"Apple-converted-space\"><br \/>\n<\/span>Wickeltisch<span class=\"Apple-converted-space\"> <\/span><\/p>\n<p>Bei Bedarf k\u00f6nnen Sie Kinderbetten und Hochst\u00fchle gegen eine zus\u00e4tzliche Geb\u00fchr bestellen.<span class=\"Apple-converted-space\"> <\/span><\/p>\n<p><b>Wichtige Telefonnummern:<\/b><\/p>\n<p>Hausarztpraxis Balk &#8211; Woudsend e.o.:0514-602066<br \/>\nArztpraxis (abends, nachts, am Wochenende) : 0900-1127112<br \/>\nLebensbedrohliche Situationen : 112<br \/>\nTierarztpraxis Gaasterland : 0514-604111<\/p>\n<p><b>Lokale Superm\u00e4rkte:<\/b><\/p>\n<p>Poiesz Supermarkten F.D. Hoekstraplein 5 8561EP Balk<br \/>\nPlus Superm\u00e4rkte Bogermanstraat 32 8561 BL Balk<br \/>\nLidl-Superm\u00e4rkte Wilhelminastraat 47 8561 AB Balk<br \/>\nJumbo Superm\u00e4rkte Stationsweg 4 8531 HH Lemmer<\/p>\n<p><b>\u00d6rtliche Biol\u00e4den:<\/b><\/p>\n<p>Weidebetrieb Sondelerleane 5 8565 HG Sondel<br \/>\nBauernhof Harichsterdyk 54 8571 RM Harich<\/p>\n<p>Wir w\u00fcnschen Ihnen einen angenehmen Aufenthalt! F\u00fcr den unwahrscheinlichen Fall, dass etwas nicht Ihren Erwartungen entspricht, k\u00f6nnen Sie uns gerne kontaktieren!<span class=\"Apple-converted-space\">  <\/span><\/p>\n<p>Mit freundlichen Gr\u00fc\u00dfen,<span class=\"Apple-converted-space\"> <\/span><\/p>\n<p>Mannschaft myVAYA[\/vc_column_text]<div class=\"clearboth\"><\/div><style>#thegem-divider-69f350e86e6e3 {margin-top: 50px !important;}<\/style><div id=\"thegem-divider-69f350e86e6e3\" class=\"gem-divider  \" style=\"\" ><\/div>[\/vc_column_inner][\/vc_row_inner]<div class=\"gem-icon gem-icon-pack-fontawesome gem-icon-size-medium  gem-icon-shape-square gem-simple-icon\"  style=\"margin-top: 35px;opacity: 1;\"><div class=\"gem-icon-inner\" style=\"\"><a href=\"https:\/\/www.myvaya.nl\/informatie-tijdens-verblijf\/\" target=\"_self\"><span class=\"gem-icon-half-1\" style=\"color: ;\"><span class=\"back-angle\">&#xf104;<\/span><\/span><span class=\"gem-icon-half-2\" style=\"\"><span class=\"back-angle\">&#xf104;<\/span><\/span><\/a><\/div><\/div><div class=\"clearboth\"><\/div><style>#thegem-divider-69f350e86e73d {margin-top: 20px !important;}<\/style><div id=\"thegem-divider-69f350e86e73d\" class=\"gem-divider  \" style=\"\" ><\/div><div class=\"clearboth\"><\/div><style>#thegem-divider-69f350e86e760 {margin-top: 120px !important;}<\/style><div id=\"thegem-divider-69f350e86e760\" class=\"gem-divider  \" style=\"\" ><\/div>[vc_column_text css=&#8220;.vc_custom_1710158409625{padding-right: 20px !important;padding-left: 20px !important;}&#8220;]<\/p>\n<h5 style=\"text-align: center;\">Das Team von MYVAYA w\u00fcnscht Ihnen einen sehr angenehmen Aufenthalt!<\/h5>\n<p>[\/vc_column_text]<div class=\"clearboth\"><\/div><style>#thegem-divider-69f350e86e781 {margin-top: 100px !important;}<\/style><div id=\"thegem-divider-69f350e86e781\" class=\"gem-divider  \" style=\"\" ><\/div><div class=\"clearboth\"><\/div><style>#thegem-divider-69f350e86e7a1 {margin-top: 20px !important;}<\/style><div id=\"thegem-divider-69f350e86e7a1\" class=\"gem-divider  \" style=\"\" ><\/div>[\/vc_column][vc_column width=&#8220;1\/4&#8243; offset=&#8220;vc_hidden-md vc_hidden-sm vc_hidden-xs&#8220;][\/vc_column][\/vc_row]<\/p>\n<\/div>","protected":false},"excerpt":{"rendered":"<p>[vc_row full_width=&#8220;stretch_row&#8220; equal_height=&#8220;yes&#8220; css=&#8220;.vc_custom_1710517718255{margin-bottom: -50px !important;background-image: url(https:\/\/www.myvaya.nl\/wp-content\/uploads\/2024\/03\/achtergrond.jpg?id=2824) !important;background-position: center !important;background-repeat: no-repeat !important;background-size: cover !important;}&#8220;][vc_column width=&#8220;1\/4&#8243; offset=&#8220;vc_hidden-md vc_hidden-sm vc_hidden-xs&#8220;][\/vc_column][vc_column width=&#8220;1\/2&#8243; css=&#8220;.vc_custom_1710152551869{background-color:&#8230;<\/p>\n","protected":false},"author":1,"featured_media":0,"parent":0,"menu_order":0,"comment_status":"closed","ping_status":"closed","template":"","meta":{"footnotes":""},"class_list":["post-2776","page","type-page","status-publish"],"yoast_head":"<!-- This site is optimized with the Yoast SEO plugin v24.8.1 - https:\/\/yoast.com\/wordpress\/plugins\/seo\/ -->\n<title>Ankunftsinformationen - myVAYA<\/title>\n<meta name=\"robots\" content=\"index, follow, max-snippet:-1, max-image-preview:large, max-video-preview:-1\" \/>\n<link rel=\"canonical\" href=\"https:\/\/www.myvaya.nl\/de\/ankunftsinformationen\/\" \/>\n<meta property=\"og:locale\" content=\"de_DE\" \/>\n<meta property=\"og:type\" content=\"article\" \/>\n<meta property=\"og:title\" content=\"Ankunftsinformationen - myVAYA\" \/>\n<meta property=\"og:description\" content=\"[vc_row full_width=&#8220;stretch_row&#8220; equal_height=&#8220;yes&#8220; css=&#8220;.vc_custom_1710517718255{margin-bottom: -50px !important;background-image: url(https:\/\/www.myvaya.nl\/wp-content\/uploads\/2024\/03\/achtergrond.jpg?id=2824) !important;background-position: center !important;background-repeat: no-repeat !important;background-size: cover !important;}&#8220;][vc_column width=&#8220;1\/4&#8243; offset=&#8220;vc_hidden-md vc_hidden-sm vc_hidden-xs&#8220;][\/vc_column][vc_column width=&#8220;1\/2&#8243; css=&#8220;.vc_custom_1710152551869{background-color:...\" \/>\n<meta property=\"og:url\" content=\"https:\/\/www.myvaya.nl\/de\/ankunftsinformationen\/\" \/>\n<meta property=\"og:site_name\" content=\"myVAYA\" \/>\n<meta property=\"article:modified_time\" content=\"2024-03-18T12:16:16+00:00\" \/>\n<meta name=\"twitter:card\" content=\"summary_large_image\" \/>\n<meta name=\"twitter:label1\" content=\"Gesch\u00e4tzte Lesezeit\" \/>\n\t<meta name=\"twitter:data1\" content=\"4\u00a0Minuten\" \/>\n<script type=\"application\/ld+json\" class=\"yoast-schema-graph\">{\"@context\":\"https:\/\/schema.org\",\"@graph\":[{\"@type\":\"WebPage\",\"@id\":\"https:\/\/www.myvaya.nl\/de\/ankunftsinformationen\/\",\"url\":\"https:\/\/www.myvaya.nl\/de\/ankunftsinformationen\/\",\"name\":\"Ankunftsinformationen - myVAYA\",\"isPartOf\":{\"@id\":\"https:\/\/www.myvaya.nl\/de\/#website\"},\"datePublished\":\"2024-03-15T15:02:06+00:00\",\"dateModified\":\"2024-03-18T12:16:16+00:00\",\"breadcrumb\":{\"@id\":\"https:\/\/www.myvaya.nl\/de\/ankunftsinformationen\/#breadcrumb\"},\"inLanguage\":\"de\",\"potentialAction\":[{\"@type\":\"ReadAction\",\"target\":[\"https:\/\/www.myvaya.nl\/de\/ankunftsinformationen\/\"]}]},{\"@type\":\"BreadcrumbList\",\"@id\":\"https:\/\/www.myvaya.nl\/de\/ankunftsinformationen\/#breadcrumb\",\"itemListElement\":[{\"@type\":\"ListItem\",\"position\":1,\"name\":\"Home\",\"item\":\"https:\/\/www.myvaya.nl\/de\/startseite\/\"},{\"@type\":\"ListItem\",\"position\":2,\"name\":\"Ankunftsinformationen\"}]},{\"@type\":\"WebSite\",\"@id\":\"https:\/\/www.myvaya.nl\/de\/#website\",\"url\":\"https:\/\/www.myvaya.nl\/de\/\",\"name\":\"My Vaya - luxe vakantie villa\",\"description\":\"\",\"publisher\":{\"@id\":\"https:\/\/www.myvaya.nl\/de\/#organization\"},\"potentialAction\":[{\"@type\":\"SearchAction\",\"target\":{\"@type\":\"EntryPoint\",\"urlTemplate\":\"https:\/\/www.myvaya.nl\/de\/?s={search_term_string}\"},\"query-input\":{\"@type\":\"PropertyValueSpecification\",\"valueRequired\":true,\"valueName\":\"search_term_string\"}}],\"inLanguage\":\"de\"},{\"@type\":\"Organization\",\"@id\":\"https:\/\/www.myvaya.nl\/de\/#organization\",\"name\":\"My Vaya - luxe vakantie villa\",\"url\":\"https:\/\/www.myvaya.nl\/de\/\",\"logo\":{\"@type\":\"ImageObject\",\"inLanguage\":\"de\",\"@id\":\"https:\/\/www.myvaya.nl\/de\/#\/schema\/logo\/image\/\",\"url\":\"https:\/\/www.myvaya.nl\/wp-content\/uploads\/2024\/02\/Logo.png\",\"contentUrl\":\"https:\/\/www.myvaya.nl\/wp-content\/uploads\/2024\/02\/Logo.png\",\"width\":480,\"height\":554,\"caption\":\"My Vaya - luxe vakantie villa\"},\"image\":{\"@id\":\"https:\/\/www.myvaya.nl\/de\/#\/schema\/logo\/image\/\"}}]}<\/script>\n<!-- \/ Yoast SEO plugin. -->","yoast_head_json":{"title":"Ankunftsinformationen - myVAYA","robots":{"index":"index","follow":"follow","max-snippet":"max-snippet:-1","max-image-preview":"max-image-preview:large","max-video-preview":"max-video-preview:-1"},"canonical":"https:\/\/www.myvaya.nl\/de\/ankunftsinformationen\/","og_locale":"de_DE","og_type":"article","og_title":"Ankunftsinformationen - myVAYA","og_description":"[vc_row full_width=&#8220;stretch_row&#8220; equal_height=&#8220;yes&#8220; css=&#8220;.vc_custom_1710517718255{margin-bottom: -50px !important;background-image: url(https:\/\/www.myvaya.nl\/wp-content\/uploads\/2024\/03\/achtergrond.jpg?id=2824) !important;background-position: center !important;background-repeat: no-repeat !important;background-size: cover !important;}&#8220;][vc_column width=&#8220;1\/4&#8243; offset=&#8220;vc_hidden-md vc_hidden-sm vc_hidden-xs&#8220;][\/vc_column][vc_column width=&#8220;1\/2&#8243; css=&#8220;.vc_custom_1710152551869{background-color:...","og_url":"https:\/\/www.myvaya.nl\/de\/ankunftsinformationen\/","og_site_name":"myVAYA","article_modified_time":"2024-03-18T12:16:16+00:00","twitter_card":"summary_large_image","twitter_misc":{"Gesch\u00e4tzte Lesezeit":"4\u00a0Minuten"},"schema":{"@context":"https:\/\/schema.org","@graph":[{"@type":"WebPage","@id":"https:\/\/www.myvaya.nl\/de\/ankunftsinformationen\/","url":"https:\/\/www.myvaya.nl\/de\/ankunftsinformationen\/","name":"Ankunftsinformationen - myVAYA","isPartOf":{"@id":"https:\/\/www.myvaya.nl\/de\/#website"},"datePublished":"2024-03-15T15:02:06+00:00","dateModified":"2024-03-18T12:16:16+00:00","breadcrumb":{"@id":"https:\/\/www.myvaya.nl\/de\/ankunftsinformationen\/#breadcrumb"},"inLanguage":"de","potentialAction":[{"@type":"ReadAction","target":["https:\/\/www.myvaya.nl\/de\/ankunftsinformationen\/"]}]},{"@type":"BreadcrumbList","@id":"https:\/\/www.myvaya.nl\/de\/ankunftsinformationen\/#breadcrumb","itemListElement":[{"@type":"ListItem","position":1,"name":"Home","item":"https:\/\/www.myvaya.nl\/de\/startseite\/"},{"@type":"ListItem","position":2,"name":"Ankunftsinformationen"}]},{"@type":"WebSite","@id":"https:\/\/www.myvaya.nl\/de\/#website","url":"https:\/\/www.myvaya.nl\/de\/","name":"My Vaya - luxe vakantie villa","description":"","publisher":{"@id":"https:\/\/www.myvaya.nl\/de\/#organization"},"potentialAction":[{"@type":"SearchAction","target":{"@type":"EntryPoint","urlTemplate":"https:\/\/www.myvaya.nl\/de\/?s={search_term_string}"},"query-input":{"@type":"PropertyValueSpecification","valueRequired":true,"valueName":"search_term_string"}}],"inLanguage":"de"},{"@type":"Organization","@id":"https:\/\/www.myvaya.nl\/de\/#organization","name":"My Vaya - luxe vakantie villa","url":"https:\/\/www.myvaya.nl\/de\/","logo":{"@type":"ImageObject","inLanguage":"de","@id":"https:\/\/www.myvaya.nl\/de\/#\/schema\/logo\/image\/","url":"https:\/\/www.myvaya.nl\/wp-content\/uploads\/2024\/02\/Logo.png","contentUrl":"https:\/\/www.myvaya.nl\/wp-content\/uploads\/2024\/02\/Logo.png","width":480,"height":554,"caption":"My Vaya - luxe vakantie villa"},"image":{"@id":"https:\/\/www.myvaya.nl\/de\/#\/schema\/logo\/image\/"}}]}},"_links":{"self":[{"href":"https:\/\/www.myvaya.nl\/de\/wp-json\/wp\/v2\/pages\/2776","targetHints":{"allow":["GET"]}}],"collection":[{"href":"https:\/\/www.myvaya.nl\/de\/wp-json\/wp\/v2\/pages"}],"about":[{"href":"https:\/\/www.myvaya.nl\/de\/wp-json\/wp\/v2\/types\/page"}],"author":[{"embeddable":true,"href":"https:\/\/www.myvaya.nl\/de\/wp-json\/wp\/v2\/users\/1"}],"replies":[{"embeddable":true,"href":"https:\/\/www.myvaya.nl\/de\/wp-json\/wp\/v2\/comments?post=2776"}],"version-history":[{"count":14,"href":"https:\/\/www.myvaya.nl\/de\/wp-json\/wp\/v2\/pages\/2776\/revisions"}],"predecessor-version":[{"id":2870,"href":"https:\/\/www.myvaya.nl\/de\/wp-json\/wp\/v2\/pages\/2776\/revisions\/2870"}],"wp:attachment":[{"href":"https:\/\/www.myvaya.nl\/de\/wp-json\/wp\/v2\/media?parent=2776"}],"curies":[{"name":"wp","href":"https:\/\/api.w.org\/{rel}","templated":true}]}}