{"id":1826,"date":"2024-03-11T12:04:47","date_gmt":"2024-03-11T12:04:47","guid":{"rendered":"https:\/\/www.myvaya.nl\/check-in-check-out\/"},"modified":"2024-03-11T13:56:21","modified_gmt":"2024-03-11T13:56:21","slug":"check-in-check-out","status":"publish","type":"page","link":"https:\/\/www.myvaya.nl\/de\/check-in-check-out\/","title":{"rendered":"Check-in Check-out"},"content":{"rendered":"<div class=\"wpb-content-wrapper\"><p>[vc_row full_width=&#8220;stretch_row&#8220; equal_height=&#8220;yes&#8220; css=&#8220;.vc_custom_1710158458171{margin-bottom: -50px !important;background-image: url(https:\/\/www.myvaya.nl\/wp-content\/uploads\/2024\/03\/friesland-villa-huren.jpg?id=1143) !important;background-position: center !important;background-repeat: no-repeat !important;background-size: cover !important;}&#8220;][vc_column width=&#8220;1\/4&#8243; offset=&#8220;vc_hidden-md vc_hidden-sm vc_hidden-xs&#8220;][\/vc_column][vc_column width=&#8220;1\/2&#8243; css=&#8220;.vc_custom_1710152551869{background-color: rgba(255,255,255,0.88) !important;*background-color: rgb(255,255,255) !important;}&#8220; offset=&#8220;vc_col-md-offset-0 vc_col-sm-offset-0&#8243;][vc_row_inner][vc_column_inner offset=&#8220;vc_col-lg-12 vc_col-md-12&#8243; css=&#8220;.vc_custom_1710154025262{margin-top: 10px !important;margin-right: 10px !important;margin-bottom: 10px !important;margin-left: 10px !important;}&#8220;][vc_column_text]<\/p>\n<h1>Willkommen bei<br \/>\nMYVAYA in Sondel<\/h1>\n<p>Hier finden Sie alle Informationen \u00fcber die Villa. Sie m\u00f6chten wissen, wie bestimmte Ger\u00e4te funktionieren? Sie k\u00f6nnen dies unter der \u00dcberschrift &#8222;Einrichtungen&#8220; sehen.[\/vc_column_text]<div class=\"gem-icon gem-icon-pack-fontawesome gem-icon-size-medium  gem-icon-shape-square gem-simple-icon\"  style=\"margin-top: 35px;opacity: 1;\"><div class=\"gem-icon-inner\" style=\"\"><a href=\"https:\/\/www.myvaya.nl\/informatie-tijdens-verblijf\/\" target=\"_self\"><span class=\"gem-icon-half-1\" style=\"color: ;\"><span class=\"back-angle\">&#xf104;<\/span><\/span><span class=\"gem-icon-half-2\" style=\"\"><span class=\"back-angle\">&#xf104;<\/span><\/span><\/a><\/div><\/div>[\/vc_column_inner][\/vc_row_inner]<div class=\"clearboth\"><\/div><style>#thegem-divider-69e175856b113 {margin-top: 20px !important;}<\/style><div id=\"thegem-divider-69e175856b113\" class=\"gem-divider  \" style=\"\" ><\/div>[vc_row_inner css=&#8220;.vc_custom_1710158986128{margin-top: 5px !important;margin-right: 5px !important;margin-bottom: 5px !important;margin-left: 5px !important;background-color: #ffffff !important;}&#8220;][vc_column_inner][vc_column_text]<\/p>\n<h3><span style=\"font-weight: 400;\">Einchecken\/ Auschecken<\/span><\/h3>\n<p>[\/vc_column_text][vc_column_text]<b>Anreisetag: Check-in ist von ???? Stunden<\/b><i><span style=\"font-weight: 400;\"><br \/>\n<\/span><\/i> <span style=\"font-weight: 400;\"><br \/>\n<\/span><b>Abreisetag: Check-out ist bis ????? Stunden<\/b><\/p>\n<p>* Nur an Sonntagen ist das Auschecken bis 18:00 Uhr m\u00f6glich. Dies ist m\u00f6glich, weil es sonntags keine Abfertigungsm\u00f6glichkeit gibt.[\/vc_column_text]<div class=\"clearboth\"><\/div><style>#thegem-divider-69e175856b156 {margin-top: 30px !important;}<\/style><div id=\"thegem-divider-69e175856b156\" class=\"gem-divider  \" style=\"\" ><\/div>[\/vc_column_inner][\/vc_row_inner]<div class=\"clearboth\"><\/div><style>#thegem-divider-69e175856b190 {margin-top: 20px !important;}<\/style><div id=\"thegem-divider-69e175856b190\" class=\"gem-divider  \" style=\"\" ><\/div><div class=\"clearboth\"><\/div><style>#thegem-divider-69e175856b1bc {margin-top: 120px !important;}<\/style><div id=\"thegem-divider-69e175856b1bc\" class=\"gem-divider  \" style=\"\" ><\/div>[vc_column_text css=&#8220;.vc_custom_1710158409625{padding-right: 20px !important;padding-left: 20px !important;}&#8220;]<\/p>\n<h5 style=\"text-align: center;\">Das Team von MYVAYA w\u00fcnscht Ihnen einen sehr angenehmen Aufenthalt!<\/h5>\n<p>[\/vc_column_text]<div class=\"clearboth\"><\/div><style>#thegem-divider-69e175856b1e5 {margin-top: 100px !important;}<\/style><div id=\"thegem-divider-69e175856b1e5\" class=\"gem-divider  \" style=\"\" ><\/div><div class=\"clearboth\"><\/div><style>#thegem-divider-69e175856b20d {margin-top: 20px !important;}<\/style><div id=\"thegem-divider-69e175856b20d\" class=\"gem-divider  \" style=\"\" ><\/div>[\/vc_column][vc_column width=&#8220;1\/4&#8243; offset=&#8220;vc_hidden-md vc_hidden-sm vc_hidden-xs&#8220;][\/vc_column][\/vc_row][vc_row equal_height=&#8220;yes&#8220;][vc_column][\/vc_column][\/vc_row][vc_row full_width=&#8220;stretch_row&#8220; equal_height=&#8220;yes&#8220; css=&#8220;.vc_custom_1708620755556{background-color: #cbccc1 !important;}&#8220;][vc_column][vc_row_inner][vc_column_inner width=&#8220;1\/2&#8243;]<div class=\"clearboth\"><\/div><style>#thegem-divider-69e175856b234 {margin-top: 50px !important;}<\/style><div id=\"thegem-divider-69e175856b234\" class=\"gem-divider  \" style=\"\" ><\/div>[vc_column_text]<\/p>\n<h3><span style=\"font-weight: 400;\">Parken und Regeln<\/span><\/h3>\n<p>[\/vc_column_text][vc_column_text]<span style=\"color: #000000;\"><strong>Ihr Auto<\/strong><\/span><\/p>\n<p><span style=\"font-weight: 400; color: #000000;\">Zum Be- und Entladen Ihres Gep\u00e4cks k\u00f6nnen Sie Ihr Auto in der Villa benutzen, das Sie bitte w\u00e4hrend Ihres Aufenthalts auf dem daf\u00fcr vorgesehenen Parkplatz abstellen.<\/span><\/p>\n<p><span style=\"color: #000000;\"><strong>Einrichtungen<\/strong><\/span><\/p>\n<p><span style=\"font-weight: 400; color: #000000;\">Das Aufstellen von M\u00f6beln, Tischen, St\u00fchlen, Betten, Sonnenschirmen und anderen Einrichtungen au\u00dferhalb der Terrassen ist nicht gestattet.<\/span><\/p>\n<p><span style=\"color: #000000;\"><strong>Hunde<\/strong><\/span><\/p>\n<p><span style=\"font-weight: 400; color: #000000;\">Hunde sind nicht erlaubt.<\/span><\/p>\n<p><span style=\"color: #000000;\"><strong>Schweigen<\/strong><\/span><\/p>\n<p><span style=\"font-weight: 400; color: #000000;\">Nach 22 Uhr: Fl\u00fcsterstille.<\/span><\/p>\n<p><span style=\"font-weight: 400; color: #000000;\"><strong>Rauchen Sie?<\/strong> <\/span><\/p>\n<p><span style=\"font-weight: 400; color: #000000;\">Achten Sie dann darauf, dass Ihre Zigarette richtig ausgedr\u00fcckt wird. Rauchen ist in Ihrer Villa nicht erlaubt.<\/span><\/p>\n<p><span style=\"font-weight: 400; color: #000000;\">Offenes Feuer ist nicht erlaubt.<\/span><\/p>\n<p><span style=\"font-weight: 400; color: #000000;\">Haben Sie Respekt vor der Natur und den Mitbewohnern. Gehen\/Radfahren Sie nur auf den ausgewiesenen Wegen.<\/span><\/p>\n<p><span style=\"font-weight: 400; color: #000000;\">Wir w\u00fcnschen Ihnen einen angenehmen Aufenthalt!<\/span>[\/vc_column_text]<div class=\"clearboth\"><\/div><style>#thegem-divider-69e175856b258 {margin-top: 100px !important;}<\/style><div id=\"thegem-divider-69e175856b258\" class=\"gem-divider  \" style=\"\" ><\/div>[\/vc_column_inner][vc_column_inner width=&#8220;1\/2&#8243; offset=&#8220;vc_hidden-sm vc_hidden-xs&#8220;]<div class=\"clearboth\"><\/div><style>#thegem-divider-69e175856b27d {margin-top: 50px !important;}<\/style><div id=\"thegem-divider-69e175856b27d\" class=\"gem-divider  \" style=\"\" ><\/div>[vc_column_text]<\/p>\n<h3><span style=\"font-weight: 400;\">Notfall<\/span><\/h3>\n<p>[\/vc_column_text][vc_column_text]<span style=\"font-weight: 400; color: #000000;\">Bei Pannen oder Fragen zu Ihrem Aufenthalt senden Sie uns eine E-Mail oder rufen Sie uns an.<\/span><\/p>\n<p><span style=\"font-weight: 400; color: #000000;\">Notrufnummer Ambulanz\/Polizei\/Feuerwehr: 112<\/span><\/p>\n<p><span style=\"color: #000000;\"><strong>Feuer<\/strong><\/span><\/p>\n<p><span style=\"color: #000000;\"><span style=\"font-weight: 400;\">Ruhig bleiben<br \/>\n<\/span><span style=\"font-weight: 400;\">Alle Opfer retten<br \/>\n<\/span><span style=\"font-weight: 400;\">Gefahrenzone verlassen<br \/>\n<\/span><span style=\"font-weight: 400;\">Feuer melden: 112 anrufen<br \/>\n<\/span><span style=\"font-weight: 400;\">Bek\u00e4mpfen Sie jedes Feuer selbst: Achten Sie auf Ihre eigene Sicherheit!<br \/>\n<\/span><span style=\"font-weight: 400;\">Befolgen Sie stets die Anweisungen der FAFS-Mitarbeiter und der Rettungsdienste.<\/span><\/span><\/p>\n<p><span style=\"color: #000000;\"><strong>Medizinischer Notfall<\/strong><\/span><\/p>\n<p><span style=\"color: #000000;\"><span style=\"font-weight: 400;\">Ruhe bewahren<br \/>\n<\/span><span style=\"font-weight: 400;\">Notfall melden: 112 anrufen<br \/>\n<\/span><span style=\"font-weight: 400;\">Leisten Sie erste (lebensrettende) Hilfe, wenn m\u00f6glich.<br \/>\n<\/span><span style=\"font-weight: 400;\">Folgen Sie immer den Anweisungen der FAFS-Beamten und der Rettungsdienste.<\/span><\/span><\/p>\n<p><span style=\"color: #000000;\"><strong>Andere Notf\u00e4lle<\/strong><\/span><\/p>\n<p><span style=\"color: #000000;\"><span style=\"font-weight: 400;\">Ruhe bewahren<br \/>\n<\/span><span style=\"font-weight: 400;\">Notfall melden: 112 anrufen<br \/>\n<\/span><span style=\"font-weight: 400;\">Befolgen Sie stets die Anweisungen der FAFS-Beamten und der Rettungsdienste.<\/span><\/span>[\/vc_column_text][\/vc_column_inner][\/vc_row_inner][\/vc_column][\/vc_row][vc_row equal_height=&#8220;yes&#8220;][vc_column]<div class=\"clearboth\"><\/div><style>#thegem-divider-69e175856b2ba {margin-top: 20px !important;}<\/style><div id=\"thegem-divider-69e175856b2ba\" class=\"gem-divider  \" style=\"\" ><\/div>[vc_row_inner][vc_column_inner width=&#8220;1\/3&#8243;][vc_column_text]<strong>Abfall<\/strong><\/p>\n<p><span style=\"font-weight: 400;\">Bitte werfen Sie Ihren M\u00fcll in die daf\u00fcr vorgesehenen Abfallbeh\u00e4lter.<\/span><\/p>\n<p><strong>Fehler<\/strong><\/p>\n<p><span style=\"font-weight: 400;\">Wir werden versuchen, Ihre Anfrage so schnell wie m\u00f6glich zu beantworten. Dringende St\u00f6rungen sollten immer telefonisch unter der Nummer gemeldet werden.<\/span>[\/vc_column_text]<div class=\"clearboth\"><\/div><style>#thegem-divider-69e175856b2df {margin-top: 20px !important;}<\/style><div id=\"thegem-divider-69e175856b2df\" class=\"gem-divider  \" style=\"\" ><\/div>[\/vc_column_inner][vc_column_inner width=&#8220;1\/3&#8243;][vc_column_text]<strong>Einrichtungen<\/strong><\/p>\n<p><span style=\"font-weight: 400;\">In Ihrer Luxus-Ferienvilla befindet sich eine Informationsmappe mit den g\u00e4ngigsten praktischen Bedienungsanleitungen.<\/span><\/p>\n<p><span style=\"font-weight: 400;\">Daneben finden Sie digitale allgemeine Informationen und Bedienungsanleitungen f\u00fcr die g\u00e4ngigsten Ger\u00e4te wie Backofen, Waschmaschine und Geschirrsp\u00fcler.<\/span>[\/vc_column_text]<div class=\"clearboth\"><\/div><style>#thegem-divider-69e175856b301 {margin-top: 20px !important;}<\/style><div id=\"thegem-divider-69e175856b301\" class=\"gem-divider  \" style=\"\" ><\/div>[\/vc_column_inner][vc_column_inner width=&#8220;1\/3&#8243;][vc_column_text]<span style=\"font-weight: 400;\">K\u00fcche<br \/>\n<\/span> <span style=\"font-weight: 400;\">Badezimmer\/Wellness<br \/>\n<\/span><span style=\"font-weight: 400;\">Geschirrsp\u00fcler<br \/>\n<\/span><span style=\"font-weight: 400;\">Kombi-Backofen Schwimmbad<br \/>\n<\/span><span style=\"font-weight: 400;\">Heizplatte <\/span> <span style=\"font-weight: 400;\">Hei\u00dfe Wanne<br \/>\n<\/span><span style=\"font-weight: 400;\">Abzugshaube <\/span> <span style=\"font-weight: 400;\">Sauna<br \/>\n<\/span><span style=\"font-weight: 400;\">Nespresso<br \/>\n<\/span><span style=\"font-weight: 400;\">Quooker <\/span> <span style=\"font-weight: 400;\">Wohnzimmer<br \/>\n<\/span><span style=\"font-weight: 400;\">Zitruspresse<\/span> <span style=\"font-weight: 400;\">Thermostat Wohnzimmer<br \/>\n<\/span><span style=\"font-weight: 400;\">Stabmixer<\/span> <span style=\"font-weight: 400;\">Thermostat-Klimaanlage Schlafzimmer<br \/>\n<\/span><span style=\"font-weight: 400;\">Toaster<br \/>\n<\/span> <span style=\"font-weight: 400;\">L\u00fcftungssystem mit W\u00e4rmer\u00fcckgewinnung<br \/>\n<\/span><span style=\"font-weight: 400;\">Internet und Fernsehen<br \/>\n<\/span><span style=\"font-weight: 400;\">Wei\u00dfe Ware<br \/>\n<\/span><span style=\"font-weight: 400;\">Waschen-Trocknen-Kombi<br \/>\n<\/span> <span style=\"font-weight: 400;\">Trockner<br \/>\n<\/span><span style=\"font-weight: 400;\">Waschmaschine<br \/>\n<\/span> <span style=\"font-weight: 400;\">Hoover<\/span>[\/vc_column_text][\/vc_column_inner][\/vc_row_inner]<div class=\"clearboth\"><\/div><style>#thegem-divider-69e175856b321 {margin-top: 20px !important;}<\/style><div id=\"thegem-divider-69e175856b321\" class=\"gem-divider  \" style=\"\" ><\/div>[\/vc_column][\/vc_row][vc_row full_width=&#8220;stretch_row&#8220; equal_height=&#8220;yes&#8220; css=&#8220;.vc_custom_1708695819886{margin-bottom: -50px !important;background: rgba(203,204,193,0.53) url(https:\/\/www.myvaya.nl\/wp-content\/uploads\/2024\/02\/luxe-villa-met-zwembad-myvaya.png?id=140) !important;background-position: center !important;background-repeat: no-repeat !important;background-size: cover !important;*background-color: rgb(203,204,193) !important;}&#8220;][vc_column][vc_row_inner][vc_column_inner]<div class=\"clearboth\"><\/div><style>#thegem-divider-69e175856b341 {margin-top: 100px !important;}<\/style><div id=\"thegem-divider-69e175856b341\" class=\"gem-divider  \" style=\"\" ><\/div>[vc_column_text]<\/p>\n<h2 style=\"text-align: center;\"><strong><span style=\"color: #ffffff;\">DER ULTIMATIVE TRAUMURLAUB JETZT BUCHEN!<\/span><\/strong><\/h2>\n<p>[\/vc_column_text]<style type=\"text\/css\">.thegem-button-69e175856b3df3539 .gem-button {opacity:0;animation-duration:1000ms !important;animation-delay:500ms !important}<\/style><style type=\"text\/css\">.thegem-button-69e175856b3df3539 .gem-button svg {fill: #cbccc1;}.thegem-button-69e175856b3df3539 .gem-button:hover svg {fill: #cbccc1;}<\/style><div class=\"gem-button-container gem-button-position-center thegem-button-69e175856b3df3539     thegem-button-animate thegem-button-animation-fade-left\"  ><a title=\"De villa\" class=\"gem-button gem-button-size-small gem-button-style-flat gem-button-text-weight-normal gem-button-icon-position-right  gem-button-flex\" style=\"border-radius: 0px;background-color: #ffffff;color: #cbccc1;\" onmouseleave=\"this.style.backgroundColor='#ffffff';this.style.color='#cbccc1';\" onmouseenter=\"this.style.backgroundColor='#ffffff';this.style.color='#cbccc1';\" href=\"https:\/\/www.myvaya.nl\/luxe-villa-huren\/\" target=\"_self\"><span class=\"gem-button-text title-h5\">Verf\u00fcgbarkeit pr\u00fcfen<\/span><i class=\"gem-print-icon gem-icon-pack-elegant \">&#x39;<\/i><\/a><\/div> <div class=\"clearboth\"><\/div><style>#thegem-divider-69e175856b42e {margin-top: 100px !important;}<\/style><div id=\"thegem-divider-69e175856b42e\" class=\"gem-divider  \" style=\"\" ><\/div>[\/vc_column_inner][\/vc_row_inner][\/vc_column][\/vc_row]<\/p>\n<\/div>","protected":false},"excerpt":{"rendered":"<p>[vc_row full_width=&#8220;stretch_row&#8220; equal_height=&#8220;yes&#8220; css=&#8220;.vc_custom_1710158458171{margin-bottom: -50px !important;background-image: url(https:\/\/www.myvaya.nl\/wp-content\/uploads\/2024\/03\/friesland-villa-huren.jpg?id=1143) !important;background-position: center !important;background-repeat: no-repeat !important;background-size: cover !important;}&#8220;][vc_column width=&#8220;1\/4&#8243; offset=&#8220;vc_hidden-md vc_hidden-sm vc_hidden-xs&#8220;][\/vc_column][vc_column width=&#8220;1\/2&#8243; css=&#8220;.vc_custom_1710152551869{background-color:&#8230;<\/p>\n","protected":false},"author":1,"featured_media":0,"parent":0,"menu_order":0,"comment_status":"closed","ping_status":"closed","template":"","meta":{"footnotes":""},"class_list":["post-1826","page","type-page","status-publish"],"yoast_head":"<!-- This site is optimized with the Yoast SEO plugin v24.8.1 - https:\/\/yoast.com\/wordpress\/plugins\/seo\/ -->\n<title>Check-in Check-out - myVAYA<\/title>\n<meta name=\"robots\" content=\"index, follow, max-snippet:-1, max-image-preview:large, max-video-preview:-1\" \/>\n<link rel=\"canonical\" href=\"https:\/\/www.myvaya.nl\/de\/check-in-check-out\/\" \/>\n<meta property=\"og:locale\" content=\"de_DE\" \/>\n<meta property=\"og:type\" content=\"article\" \/>\n<meta property=\"og:title\" content=\"Check-in Check-out - myVAYA\" \/>\n<meta property=\"og:description\" content=\"[vc_row full_width=&#8220;stretch_row&#8220; equal_height=&#8220;yes&#8220; css=&#8220;.vc_custom_1710158458171{margin-bottom: -50px !important;background-image: url(https:\/\/www.myvaya.nl\/wp-content\/uploads\/2024\/03\/friesland-villa-huren.jpg?id=1143) !important;background-position: center !important;background-repeat: no-repeat !important;background-size: cover !important;}&#8220;][vc_column width=&#8220;1\/4&#8243; offset=&#8220;vc_hidden-md vc_hidden-sm vc_hidden-xs&#8220;][\/vc_column][vc_column width=&#8220;1\/2&#8243; css=&#8220;.vc_custom_1710152551869{background-color:...\" \/>\n<meta property=\"og:url\" content=\"https:\/\/www.myvaya.nl\/de\/check-in-check-out\/\" \/>\n<meta property=\"og:site_name\" content=\"myVAYA\" \/>\n<meta property=\"article:modified_time\" content=\"2024-03-11T13:56:21+00:00\" \/>\n<meta name=\"twitter:card\" content=\"summary_large_image\" \/>\n<meta name=\"twitter:label1\" content=\"Gesch\u00e4tzte Lesezeit\" \/>\n\t<meta name=\"twitter:data1\" content=\"5\u00a0Minuten\" \/>\n<script type=\"application\/ld+json\" class=\"yoast-schema-graph\">{\"@context\":\"https:\/\/schema.org\",\"@graph\":[{\"@type\":\"WebPage\",\"@id\":\"https:\/\/www.myvaya.nl\/de\/check-in-check-out\/\",\"url\":\"https:\/\/www.myvaya.nl\/de\/check-in-check-out\/\",\"name\":\"Check-in Check-out - myVAYA\",\"isPartOf\":{\"@id\":\"https:\/\/www.myvaya.nl\/de\/#website\"},\"datePublished\":\"2024-03-11T12:04:47+00:00\",\"dateModified\":\"2024-03-11T13:56:21+00:00\",\"breadcrumb\":{\"@id\":\"https:\/\/www.myvaya.nl\/de\/check-in-check-out\/#breadcrumb\"},\"inLanguage\":\"de\",\"potentialAction\":[{\"@type\":\"ReadAction\",\"target\":[\"https:\/\/www.myvaya.nl\/de\/check-in-check-out\/\"]}]},{\"@type\":\"BreadcrumbList\",\"@id\":\"https:\/\/www.myvaya.nl\/de\/check-in-check-out\/#breadcrumb\",\"itemListElement\":[{\"@type\":\"ListItem\",\"position\":1,\"name\":\"Home\",\"item\":\"https:\/\/www.myvaya.nl\/de\/startseite\/\"},{\"@type\":\"ListItem\",\"position\":2,\"name\":\"Check-in Check-out\"}]},{\"@type\":\"WebSite\",\"@id\":\"https:\/\/www.myvaya.nl\/de\/#website\",\"url\":\"https:\/\/www.myvaya.nl\/de\/\",\"name\":\"My Vaya - luxe vakantie villa\",\"description\":\"\",\"publisher\":{\"@id\":\"https:\/\/www.myvaya.nl\/de\/#organization\"},\"potentialAction\":[{\"@type\":\"SearchAction\",\"target\":{\"@type\":\"EntryPoint\",\"urlTemplate\":\"https:\/\/www.myvaya.nl\/de\/?s={search_term_string}\"},\"query-input\":{\"@type\":\"PropertyValueSpecification\",\"valueRequired\":true,\"valueName\":\"search_term_string\"}}],\"inLanguage\":\"de\"},{\"@type\":\"Organization\",\"@id\":\"https:\/\/www.myvaya.nl\/de\/#organization\",\"name\":\"My Vaya - luxe vakantie villa\",\"url\":\"https:\/\/www.myvaya.nl\/de\/\",\"logo\":{\"@type\":\"ImageObject\",\"inLanguage\":\"de\",\"@id\":\"https:\/\/www.myvaya.nl\/de\/#\/schema\/logo\/image\/\",\"url\":\"https:\/\/www.myvaya.nl\/wp-content\/uploads\/2024\/02\/Logo.png\",\"contentUrl\":\"https:\/\/www.myvaya.nl\/wp-content\/uploads\/2024\/02\/Logo.png\",\"width\":480,\"height\":554,\"caption\":\"My Vaya - luxe vakantie villa\"},\"image\":{\"@id\":\"https:\/\/www.myvaya.nl\/de\/#\/schema\/logo\/image\/\"}}]}<\/script>\n<!-- \/ Yoast SEO plugin. -->","yoast_head_json":{"title":"Check-in Check-out - myVAYA","robots":{"index":"index","follow":"follow","max-snippet":"max-snippet:-1","max-image-preview":"max-image-preview:large","max-video-preview":"max-video-preview:-1"},"canonical":"https:\/\/www.myvaya.nl\/de\/check-in-check-out\/","og_locale":"de_DE","og_type":"article","og_title":"Check-in Check-out - myVAYA","og_description":"[vc_row full_width=&#8220;stretch_row&#8220; equal_height=&#8220;yes&#8220; css=&#8220;.vc_custom_1710158458171{margin-bottom: -50px !important;background-image: url(https:\/\/www.myvaya.nl\/wp-content\/uploads\/2024\/03\/friesland-villa-huren.jpg?id=1143) !important;background-position: center !important;background-repeat: no-repeat !important;background-size: cover !important;}&#8220;][vc_column width=&#8220;1\/4&#8243; offset=&#8220;vc_hidden-md vc_hidden-sm vc_hidden-xs&#8220;][\/vc_column][vc_column width=&#8220;1\/2&#8243; css=&#8220;.vc_custom_1710152551869{background-color:...","og_url":"https:\/\/www.myvaya.nl\/de\/check-in-check-out\/","og_site_name":"myVAYA","article_modified_time":"2024-03-11T13:56:21+00:00","twitter_card":"summary_large_image","twitter_misc":{"Gesch\u00e4tzte Lesezeit":"5\u00a0Minuten"},"schema":{"@context":"https:\/\/schema.org","@graph":[{"@type":"WebPage","@id":"https:\/\/www.myvaya.nl\/de\/check-in-check-out\/","url":"https:\/\/www.myvaya.nl\/de\/check-in-check-out\/","name":"Check-in Check-out - myVAYA","isPartOf":{"@id":"https:\/\/www.myvaya.nl\/de\/#website"},"datePublished":"2024-03-11T12:04:47+00:00","dateModified":"2024-03-11T13:56:21+00:00","breadcrumb":{"@id":"https:\/\/www.myvaya.nl\/de\/check-in-check-out\/#breadcrumb"},"inLanguage":"de","potentialAction":[{"@type":"ReadAction","target":["https:\/\/www.myvaya.nl\/de\/check-in-check-out\/"]}]},{"@type":"BreadcrumbList","@id":"https:\/\/www.myvaya.nl\/de\/check-in-check-out\/#breadcrumb","itemListElement":[{"@type":"ListItem","position":1,"name":"Home","item":"https:\/\/www.myvaya.nl\/de\/startseite\/"},{"@type":"ListItem","position":2,"name":"Check-in Check-out"}]},{"@type":"WebSite","@id":"https:\/\/www.myvaya.nl\/de\/#website","url":"https:\/\/www.myvaya.nl\/de\/","name":"My Vaya - luxe vakantie villa","description":"","publisher":{"@id":"https:\/\/www.myvaya.nl\/de\/#organization"},"potentialAction":[{"@type":"SearchAction","target":{"@type":"EntryPoint","urlTemplate":"https:\/\/www.myvaya.nl\/de\/?s={search_term_string}"},"query-input":{"@type":"PropertyValueSpecification","valueRequired":true,"valueName":"search_term_string"}}],"inLanguage":"de"},{"@type":"Organization","@id":"https:\/\/www.myvaya.nl\/de\/#organization","name":"My Vaya - luxe vakantie villa","url":"https:\/\/www.myvaya.nl\/de\/","logo":{"@type":"ImageObject","inLanguage":"de","@id":"https:\/\/www.myvaya.nl\/de\/#\/schema\/logo\/image\/","url":"https:\/\/www.myvaya.nl\/wp-content\/uploads\/2024\/02\/Logo.png","contentUrl":"https:\/\/www.myvaya.nl\/wp-content\/uploads\/2024\/02\/Logo.png","width":480,"height":554,"caption":"My Vaya - luxe vakantie villa"},"image":{"@id":"https:\/\/www.myvaya.nl\/de\/#\/schema\/logo\/image\/"}}]}},"_links":{"self":[{"href":"https:\/\/www.myvaya.nl\/de\/wp-json\/wp\/v2\/pages\/1826","targetHints":{"allow":["GET"]}}],"collection":[{"href":"https:\/\/www.myvaya.nl\/de\/wp-json\/wp\/v2\/pages"}],"about":[{"href":"https:\/\/www.myvaya.nl\/de\/wp-json\/wp\/v2\/types\/page"}],"author":[{"embeddable":true,"href":"https:\/\/www.myvaya.nl\/de\/wp-json\/wp\/v2\/users\/1"}],"replies":[{"embeddable":true,"href":"https:\/\/www.myvaya.nl\/de\/wp-json\/wp\/v2\/comments?post=1826"}],"version-history":[{"count":10,"href":"https:\/\/www.myvaya.nl\/de\/wp-json\/wp\/v2\/pages\/1826\/revisions"}],"predecessor-version":[{"id":1877,"href":"https:\/\/www.myvaya.nl\/de\/wp-json\/wp\/v2\/pages\/1826\/revisions\/1877"}],"wp:attachment":[{"href":"https:\/\/www.myvaya.nl\/de\/wp-json\/wp\/v2\/media?parent=1826"}],"curies":[{"name":"wp","href":"https:\/\/api.w.org\/{rel}","templated":true}]}}